{"id":14609,"date":"2021-04-01T11:26:48","date_gmt":"2021-04-01T11:26:48","guid":{"rendered":"https:\/\/sahb.ch\/?page_id=14609"},"modified":"2022-12-15T11:21:50","modified_gmt":"2022-12-15T11:21:50","slug":"videos-sur-les-moyens-auxiliaires","status":"publish","type":"page","link":"https:\/\/sahb.ch\/fr\/videos-sur-les-moyens-auxiliaires\/","title":{"rendered":"Videos"},"content":{"rendered":"","protected":false},"excerpt":{"rendered":"","protected":false},"author":6,"featured_media":0,"parent":0,"menu_order":0,"comment_status":"closed","ping_status":"closed","template":"","meta":{"_acf_changed":false},"class_list":["post-14609","page","type-page","status-publish","hentry"],"acf":[],"yoast_head":"<!-- This site is optimized with the Yoast SEO plugin v26.5 - https:\/\/yoast.com\/wordpress\/plugins\/seo\/ -->\n<title>Vid\u00e9os sur les moyens auxiliaires | FSCMA<\/title>\n<meta name=\"description\" content=\"Les vid\u00e9os sur les moyens auxiliaires fournissent des informations sur la mise en \u0153uvre et l&#039;utilisation de nos moyens auxiliaires.\" \/>\n<meta name=\"robots\" content=\"noindex, nofollow\" \/>\n<meta property=\"og:locale\" content=\"fr_FR\" \/>\n<meta property=\"og:type\" content=\"article\" \/>\n<meta property=\"og:title\" content=\"Vid\u00e9os sur les moyens auxiliaires | FSCMA\" \/>\n<meta property=\"og:description\" content=\"Les vid\u00e9os sur les moyens auxiliaires fournissent des informations sur la mise en \u0153uvre et l&#039;utilisation de nos moyens auxiliaires.\" \/>\n<meta property=\"og:url\" content=\"https:\/\/sahb.ch\/fr\/videos-sur-les-moyens-auxiliaires\/\" \/>\n<meta property=\"og:site_name\" content=\"SAHB\" \/>\n<meta property=\"article:modified_time\" content=\"2022-12-15T11:21:50+00:00\" \/>\n<meta name=\"twitter:card\" content=\"summary_large_image\" \/>\n<script type=\"application\/ld+json\" class=\"yoast-schema-graph\">{\"@context\":\"https:\/\/schema.org\",\"@graph\":[{\"@type\":\"WebPage\",\"@id\":\"https:\/\/sahb.ch\/fr\/videos-sur-les-moyens-auxiliaires\/\",\"url\":\"https:\/\/sahb.ch\/fr\/videos-sur-les-moyens-auxiliaires\/\",\"name\":\"Vid\u00e9os sur les moyens auxiliaires | FSCMA\",\"isPartOf\":{\"@id\":\"https:\/\/sahb.ch\/fr\/#website\"},\"datePublished\":\"2021-04-01T11:26:48+00:00\",\"dateModified\":\"2022-12-15T11:21:50+00:00\",\"description\":\"Les vid\u00e9os sur les moyens auxiliaires fournissent des informations sur la mise en \u0153uvre et l'utilisation de nos moyens auxiliaires.\",\"breadcrumb\":{\"@id\":\"https:\/\/sahb.ch\/fr\/videos-sur-les-moyens-auxiliaires\/#breadcrumb\"},\"inLanguage\":\"fr-FR\",\"potentialAction\":[{\"@type\":\"ReadAction\",\"target\":[\"https:\/\/sahb.ch\/fr\/videos-sur-les-moyens-auxiliaires\/\"]}]},{\"@type\":\"BreadcrumbList\",\"@id\":\"https:\/\/sahb.ch\/fr\/videos-sur-les-moyens-auxiliaires\/#breadcrumb\",\"itemListElement\":[{\"@type\":\"ListItem\",\"position\":1,\"name\":\"Home\",\"item\":\"https:\/\/sahb.ch\/fr\/\"},{\"@type\":\"ListItem\",\"position\":2,\"name\":\"Videos\"}]},{\"@type\":\"WebSite\",\"@id\":\"https:\/\/sahb.ch\/fr\/#website\",\"url\":\"https:\/\/sahb.ch\/fr\/\",\"name\":\"SAHB\",\"description\":\"\",\"potentialAction\":[{\"@type\":\"SearchAction\",\"target\":{\"@type\":\"EntryPoint\",\"urlTemplate\":\"https:\/\/sahb.ch\/fr\/?s={search_term_string}\"},\"query-input\":{\"@type\":\"PropertyValueSpecification\",\"valueRequired\":true,\"valueName\":\"search_term_string\"}}],\"inLanguage\":\"fr-FR\"}]}<\/script>\n<!-- \/ Yoast SEO plugin. -->","yoast_head_json":{"title":"Vid\u00e9os sur les moyens auxiliaires | FSCMA","description":"Les vid\u00e9os sur les moyens auxiliaires fournissent des informations sur la mise en \u0153uvre et l'utilisation de nos moyens auxiliaires.","robots":{"index":"noindex","follow":"nofollow"},"og_locale":"fr_FR","og_type":"article","og_title":"Vid\u00e9os sur les moyens auxiliaires | FSCMA","og_description":"Les vid\u00e9os sur les moyens auxiliaires fournissent des informations sur la mise en \u0153uvre et l'utilisation de nos moyens auxiliaires.","og_url":"https:\/\/sahb.ch\/fr\/videos-sur-les-moyens-auxiliaires\/","og_site_name":"SAHB","article_modified_time":"2022-12-15T11:21:50+00:00","twitter_card":"summary_large_image","schema":{"@context":"https:\/\/schema.org","@graph":[{"@type":"WebPage","@id":"https:\/\/sahb.ch\/fr\/videos-sur-les-moyens-auxiliaires\/","url":"https:\/\/sahb.ch\/fr\/videos-sur-les-moyens-auxiliaires\/","name":"Vid\u00e9os sur les moyens auxiliaires | FSCMA","isPartOf":{"@id":"https:\/\/sahb.ch\/fr\/#website"},"datePublished":"2021-04-01T11:26:48+00:00","dateModified":"2022-12-15T11:21:50+00:00","description":"Les vid\u00e9os sur les moyens auxiliaires fournissent des informations sur la mise en \u0153uvre et l'utilisation de nos moyens auxiliaires.","breadcrumb":{"@id":"https:\/\/sahb.ch\/fr\/videos-sur-les-moyens-auxiliaires\/#breadcrumb"},"inLanguage":"fr-FR","potentialAction":[{"@type":"ReadAction","target":["https:\/\/sahb.ch\/fr\/videos-sur-les-moyens-auxiliaires\/"]}]},{"@type":"BreadcrumbList","@id":"https:\/\/sahb.ch\/fr\/videos-sur-les-moyens-auxiliaires\/#breadcrumb","itemListElement":[{"@type":"ListItem","position":1,"name":"Home","item":"https:\/\/sahb.ch\/fr\/"},{"@type":"ListItem","position":2,"name":"Videos"}]},{"@type":"WebSite","@id":"https:\/\/sahb.ch\/fr\/#website","url":"https:\/\/sahb.ch\/fr\/","name":"SAHB","description":"","potentialAction":[{"@type":"SearchAction","target":{"@type":"EntryPoint","urlTemplate":"https:\/\/sahb.ch\/fr\/?s={search_term_string}"},"query-input":{"@type":"PropertyValueSpecification","valueRequired":true,"valueName":"search_term_string"}}],"inLanguage":"fr-FR"}]}},"_links":{"self":[{"href":"https:\/\/sahb.ch\/fr\/wp-json\/wp\/v2\/pages\/14609","targetHints":{"allow":["GET"]}}],"collection":[{"href":"https:\/\/sahb.ch\/fr\/wp-json\/wp\/v2\/pages"}],"about":[{"href":"https:\/\/sahb.ch\/fr\/wp-json\/wp\/v2\/types\/page"}],"author":[{"embeddable":true,"href":"https:\/\/sahb.ch\/fr\/wp-json\/wp\/v2\/users\/6"}],"replies":[{"embeddable":true,"href":"https:\/\/sahb.ch\/fr\/wp-json\/wp\/v2\/comments?post=14609"}],"version-history":[{"count":3,"href":"https:\/\/sahb.ch\/fr\/wp-json\/wp\/v2\/pages\/14609\/revisions"}],"predecessor-version":[{"id":26556,"href":"https:\/\/sahb.ch\/fr\/wp-json\/wp\/v2\/pages\/14609\/revisions\/26556"}],"wp:attachment":[{"href":"https:\/\/sahb.ch\/fr\/wp-json\/wp\/v2\/media?parent=14609"}],"curies":[{"name":"wp","href":"https:\/\/api.w.org\/{rel}","templated":true}]}}