{"id":1620,"date":"2020-02-27T08:53:16","date_gmt":"2020-02-27T08:53:16","guid":{"rendered":"https:\/\/sahb.ch\/conseil\/umweltsteuerung\/"},"modified":"2024-09-26T08:37:31","modified_gmt":"2024-09-26T08:37:31","slug":"controle-de-lenvironnement","status":"publish","type":"page","link":"https:\/\/sahb.ch\/fr\/controle-de-lenvironnement\/","title":{"rendered":"Contr\u00f4le de l&rsquo;environnement"},"content":{"rendered":"","protected":false},"excerpt":{"rendered":"","protected":false},"author":1,"featured_media":0,"parent":0,"menu_order":0,"comment_status":"closed","ping_status":"closed","template":"","meta":{"_acf_changed":false},"class_list":["post-1620","page","type-page","status-publish","hentry"],"acf":[],"yoast_head":"<!-- This site is optimized with the Yoast SEO plugin v26.5 - https:\/\/yoast.com\/wordpress\/plugins\/seo\/ -->\n<title>Contr\u00f4le de l&#039;environnement - SAHB<\/title>\n<meta name=\"description\" content=\"Nos sp\u00e9cialistes contr\u00f4lent les appareils de contr\u00f4le de l&#039;environnement pour le compte des offices AI et d\u00e9terminent qui est responsable.\" \/>\n<meta name=\"robots\" content=\"index, follow, max-snippet:-1, max-image-preview:large, max-video-preview:-1\" \/>\n<link rel=\"canonical\" href=\"https:\/\/sahb.ch\/fr\/controle-de-lenvironnement\/\" \/>\n<meta property=\"og:locale\" content=\"fr_FR\" \/>\n<meta property=\"og:type\" content=\"article\" \/>\n<meta property=\"og:title\" content=\"Contr\u00f4le de l&#039;environnement - SAHB\" \/>\n<meta property=\"og:description\" content=\"Nos sp\u00e9cialistes contr\u00f4lent les appareils de contr\u00f4le de l&#039;environnement pour le compte des offices AI et d\u00e9terminent qui est responsable.\" \/>\n<meta property=\"og:url\" content=\"https:\/\/sahb.ch\/fr\/controle-de-lenvironnement\/\" \/>\n<meta property=\"og:site_name\" content=\"SAHB\" \/>\n<meta property=\"article:modified_time\" content=\"2024-09-26T08:37:31+00:00\" \/>\n<meta name=\"twitter:card\" content=\"summary_large_image\" \/>\n<script type=\"application\/ld+json\" class=\"yoast-schema-graph\">{\"@context\":\"https:\/\/schema.org\",\"@graph\":[{\"@type\":\"WebPage\",\"@id\":\"https:\/\/sahb.ch\/fr\/controle-de-lenvironnement\/\",\"url\":\"https:\/\/sahb.ch\/fr\/controle-de-lenvironnement\/\",\"name\":\"Contr\u00f4le de l'environnement - SAHB\",\"isPartOf\":{\"@id\":\"https:\/\/sahb.ch\/fr\/#website\"},\"datePublished\":\"2020-02-27T08:53:16+00:00\",\"dateModified\":\"2024-09-26T08:37:31+00:00\",\"description\":\"Nos sp\u00e9cialistes contr\u00f4lent les appareils de contr\u00f4le de l'environnement pour le compte des offices AI et d\u00e9terminent qui est responsable.\",\"breadcrumb\":{\"@id\":\"https:\/\/sahb.ch\/fr\/controle-de-lenvironnement\/#breadcrumb\"},\"inLanguage\":\"fr-FR\",\"potentialAction\":[{\"@type\":\"ReadAction\",\"target\":[\"https:\/\/sahb.ch\/fr\/controle-de-lenvironnement\/\"]}]},{\"@type\":\"BreadcrumbList\",\"@id\":\"https:\/\/sahb.ch\/fr\/controle-de-lenvironnement\/#breadcrumb\",\"itemListElement\":[{\"@type\":\"ListItem\",\"position\":1,\"name\":\"Home\",\"item\":\"https:\/\/sahb.ch\/fr\/\"},{\"@type\":\"ListItem\",\"position\":2,\"name\":\"Contr\u00f4le de l&#8217;environnement\"}]},{\"@type\":\"WebSite\",\"@id\":\"https:\/\/sahb.ch\/fr\/#website\",\"url\":\"https:\/\/sahb.ch\/fr\/\",\"name\":\"SAHB\",\"description\":\"\",\"potentialAction\":[{\"@type\":\"SearchAction\",\"target\":{\"@type\":\"EntryPoint\",\"urlTemplate\":\"https:\/\/sahb.ch\/fr\/?s={search_term_string}\"},\"query-input\":{\"@type\":\"PropertyValueSpecification\",\"valueRequired\":true,\"valueName\":\"search_term_string\"}}],\"inLanguage\":\"fr-FR\"}]}<\/script>\n<!-- \/ Yoast SEO plugin. -->","yoast_head_json":{"title":"Contr\u00f4le de l'environnement - SAHB","description":"Nos sp\u00e9cialistes contr\u00f4lent les appareils de contr\u00f4le de l'environnement pour le compte des offices AI et d\u00e9terminent qui est responsable.","robots":{"index":"index","follow":"follow","max-snippet":"max-snippet:-1","max-image-preview":"max-image-preview:large","max-video-preview":"max-video-preview:-1"},"canonical":"https:\/\/sahb.ch\/fr\/controle-de-lenvironnement\/","og_locale":"fr_FR","og_type":"article","og_title":"Contr\u00f4le de l'environnement - SAHB","og_description":"Nos sp\u00e9cialistes contr\u00f4lent les appareils de contr\u00f4le de l'environnement pour le compte des offices AI et d\u00e9terminent qui est responsable.","og_url":"https:\/\/sahb.ch\/fr\/controle-de-lenvironnement\/","og_site_name":"SAHB","article_modified_time":"2024-09-26T08:37:31+00:00","twitter_card":"summary_large_image","schema":{"@context":"https:\/\/schema.org","@graph":[{"@type":"WebPage","@id":"https:\/\/sahb.ch\/fr\/controle-de-lenvironnement\/","url":"https:\/\/sahb.ch\/fr\/controle-de-lenvironnement\/","name":"Contr\u00f4le de l'environnement - SAHB","isPartOf":{"@id":"https:\/\/sahb.ch\/fr\/#website"},"datePublished":"2020-02-27T08:53:16+00:00","dateModified":"2024-09-26T08:37:31+00:00","description":"Nos sp\u00e9cialistes contr\u00f4lent les appareils de contr\u00f4le de l'environnement pour le compte des offices AI et d\u00e9terminent qui est responsable.","breadcrumb":{"@id":"https:\/\/sahb.ch\/fr\/controle-de-lenvironnement\/#breadcrumb"},"inLanguage":"fr-FR","potentialAction":[{"@type":"ReadAction","target":["https:\/\/sahb.ch\/fr\/controle-de-lenvironnement\/"]}]},{"@type":"BreadcrumbList","@id":"https:\/\/sahb.ch\/fr\/controle-de-lenvironnement\/#breadcrumb","itemListElement":[{"@type":"ListItem","position":1,"name":"Home","item":"https:\/\/sahb.ch\/fr\/"},{"@type":"ListItem","position":2,"name":"Contr\u00f4le de l&#8217;environnement"}]},{"@type":"WebSite","@id":"https:\/\/sahb.ch\/fr\/#website","url":"https:\/\/sahb.ch\/fr\/","name":"SAHB","description":"","potentialAction":[{"@type":"SearchAction","target":{"@type":"EntryPoint","urlTemplate":"https:\/\/sahb.ch\/fr\/?s={search_term_string}"},"query-input":{"@type":"PropertyValueSpecification","valueRequired":true,"valueName":"search_term_string"}}],"inLanguage":"fr-FR"}]}},"_links":{"self":[{"href":"https:\/\/sahb.ch\/fr\/wp-json\/wp\/v2\/pages\/1620","targetHints":{"allow":["GET"]}}],"collection":[{"href":"https:\/\/sahb.ch\/fr\/wp-json\/wp\/v2\/pages"}],"about":[{"href":"https:\/\/sahb.ch\/fr\/wp-json\/wp\/v2\/types\/page"}],"author":[{"embeddable":true,"href":"https:\/\/sahb.ch\/fr\/wp-json\/wp\/v2\/users\/1"}],"replies":[{"embeddable":true,"href":"https:\/\/sahb.ch\/fr\/wp-json\/wp\/v2\/comments?post=1620"}],"version-history":[{"count":3,"href":"https:\/\/sahb.ch\/fr\/wp-json\/wp\/v2\/pages\/1620\/revisions"}],"predecessor-version":[{"id":45308,"href":"https:\/\/sahb.ch\/fr\/wp-json\/wp\/v2\/pages\/1620\/revisions\/45308"}],"wp:attachment":[{"href":"https:\/\/sahb.ch\/fr\/wp-json\/wp\/v2\/media?parent=1620"}],"curies":[{"name":"wp","href":"https:\/\/api.w.org\/{rel}","templated":true}]}}