{"id":1623,"date":"2020-02-27T08:59:40","date_gmt":"2020-02-27T08:59:40","guid":{"rendered":"https:\/\/sahb.ch\/conseil\/unterstuetzte-kommunikation\/"},"modified":"2024-09-26T08:38:49","modified_gmt":"2024-09-26T08:38:49","slug":"communication-amelioree","status":"publish","type":"page","link":"https:\/\/sahb.ch\/fr\/communication-amelioree\/","title":{"rendered":"Communication am\u00e9lior\u00e9e"},"content":{"rendered":"","protected":false},"excerpt":{"rendered":"","protected":false},"author":1,"featured_media":0,"parent":0,"menu_order":0,"comment_status":"closed","ping_status":"closed","template":"","meta":{"_acf_changed":false},"class_list":["post-1623","page","type-page","status-publish","hentry"],"acf":[],"yoast_head":"<!-- This site is optimized with the Yoast SEO plugin v26.5 - https:\/\/yoast.com\/wordpress\/plugins\/seo\/ -->\n<title>Conseil FSCMA: pour une communication am\u00e9lior\u00e9e<\/title>\n<meta name=\"description\" content=\"La FSCMA vous conseille dans le choix de l&#039;appareil de communication appropri\u00e9.\" \/>\n<meta name=\"robots\" content=\"index, follow, max-snippet:-1, max-image-preview:large, max-video-preview:-1\" \/>\n<link rel=\"canonical\" href=\"https:\/\/sahb.ch\/fr\/communication-amelioree\/\" \/>\n<meta property=\"og:locale\" content=\"fr_FR\" \/>\n<meta property=\"og:type\" content=\"article\" \/>\n<meta property=\"og:title\" content=\"Conseil FSCMA: pour une communication am\u00e9lior\u00e9e\" \/>\n<meta property=\"og:description\" content=\"La FSCMA vous conseille dans le choix de l&#039;appareil de communication appropri\u00e9.\" \/>\n<meta property=\"og:url\" content=\"https:\/\/sahb.ch\/fr\/communication-amelioree\/\" \/>\n<meta property=\"og:site_name\" content=\"SAHB\" \/>\n<meta property=\"article:modified_time\" content=\"2024-09-26T08:38:49+00:00\" \/>\n<meta name=\"twitter:card\" content=\"summary_large_image\" \/>\n<script type=\"application\/ld+json\" class=\"yoast-schema-graph\">{\"@context\":\"https:\/\/schema.org\",\"@graph\":[{\"@type\":\"WebPage\",\"@id\":\"https:\/\/sahb.ch\/fr\/communication-amelioree\/\",\"url\":\"https:\/\/sahb.ch\/fr\/communication-amelioree\/\",\"name\":\"Conseil FSCMA: pour une communication am\u00e9lior\u00e9e\",\"isPartOf\":{\"@id\":\"https:\/\/sahb.ch\/fr\/#website\"},\"datePublished\":\"2020-02-27T08:59:40+00:00\",\"dateModified\":\"2024-09-26T08:38:49+00:00\",\"description\":\"La FSCMA vous conseille dans le choix de l'appareil de communication appropri\u00e9.\",\"breadcrumb\":{\"@id\":\"https:\/\/sahb.ch\/fr\/communication-amelioree\/#breadcrumb\"},\"inLanguage\":\"fr-FR\",\"potentialAction\":[{\"@type\":\"ReadAction\",\"target\":[\"https:\/\/sahb.ch\/fr\/communication-amelioree\/\"]}]},{\"@type\":\"BreadcrumbList\",\"@id\":\"https:\/\/sahb.ch\/fr\/communication-amelioree\/#breadcrumb\",\"itemListElement\":[{\"@type\":\"ListItem\",\"position\":1,\"name\":\"Home\",\"item\":\"https:\/\/sahb.ch\/fr\/\"},{\"@type\":\"ListItem\",\"position\":2,\"name\":\"Communication am\u00e9lior\u00e9e\"}]},{\"@type\":\"WebSite\",\"@id\":\"https:\/\/sahb.ch\/fr\/#website\",\"url\":\"https:\/\/sahb.ch\/fr\/\",\"name\":\"SAHB\",\"description\":\"\",\"potentialAction\":[{\"@type\":\"SearchAction\",\"target\":{\"@type\":\"EntryPoint\",\"urlTemplate\":\"https:\/\/sahb.ch\/fr\/?s={search_term_string}\"},\"query-input\":{\"@type\":\"PropertyValueSpecification\",\"valueRequired\":true,\"valueName\":\"search_term_string\"}}],\"inLanguage\":\"fr-FR\"}]}<\/script>\n<!-- \/ Yoast SEO plugin. -->","yoast_head_json":{"title":"Conseil FSCMA: pour une communication am\u00e9lior\u00e9e","description":"La FSCMA vous conseille dans le choix de l'appareil de communication appropri\u00e9.","robots":{"index":"index","follow":"follow","max-snippet":"max-snippet:-1","max-image-preview":"max-image-preview:large","max-video-preview":"max-video-preview:-1"},"canonical":"https:\/\/sahb.ch\/fr\/communication-amelioree\/","og_locale":"fr_FR","og_type":"article","og_title":"Conseil FSCMA: pour une communication am\u00e9lior\u00e9e","og_description":"La FSCMA vous conseille dans le choix de l'appareil de communication appropri\u00e9.","og_url":"https:\/\/sahb.ch\/fr\/communication-amelioree\/","og_site_name":"SAHB","article_modified_time":"2024-09-26T08:38:49+00:00","twitter_card":"summary_large_image","schema":{"@context":"https:\/\/schema.org","@graph":[{"@type":"WebPage","@id":"https:\/\/sahb.ch\/fr\/communication-amelioree\/","url":"https:\/\/sahb.ch\/fr\/communication-amelioree\/","name":"Conseil FSCMA: pour une communication am\u00e9lior\u00e9e","isPartOf":{"@id":"https:\/\/sahb.ch\/fr\/#website"},"datePublished":"2020-02-27T08:59:40+00:00","dateModified":"2024-09-26T08:38:49+00:00","description":"La FSCMA vous conseille dans le choix de l'appareil de communication appropri\u00e9.","breadcrumb":{"@id":"https:\/\/sahb.ch\/fr\/communication-amelioree\/#breadcrumb"},"inLanguage":"fr-FR","potentialAction":[{"@type":"ReadAction","target":["https:\/\/sahb.ch\/fr\/communication-amelioree\/"]}]},{"@type":"BreadcrumbList","@id":"https:\/\/sahb.ch\/fr\/communication-amelioree\/#breadcrumb","itemListElement":[{"@type":"ListItem","position":1,"name":"Home","item":"https:\/\/sahb.ch\/fr\/"},{"@type":"ListItem","position":2,"name":"Communication am\u00e9lior\u00e9e"}]},{"@type":"WebSite","@id":"https:\/\/sahb.ch\/fr\/#website","url":"https:\/\/sahb.ch\/fr\/","name":"SAHB","description":"","potentialAction":[{"@type":"SearchAction","target":{"@type":"EntryPoint","urlTemplate":"https:\/\/sahb.ch\/fr\/?s={search_term_string}"},"query-input":{"@type":"PropertyValueSpecification","valueRequired":true,"valueName":"search_term_string"}}],"inLanguage":"fr-FR"}]}},"_links":{"self":[{"href":"https:\/\/sahb.ch\/fr\/wp-json\/wp\/v2\/pages\/1623","targetHints":{"allow":["GET"]}}],"collection":[{"href":"https:\/\/sahb.ch\/fr\/wp-json\/wp\/v2\/pages"}],"about":[{"href":"https:\/\/sahb.ch\/fr\/wp-json\/wp\/v2\/types\/page"}],"author":[{"embeddable":true,"href":"https:\/\/sahb.ch\/fr\/wp-json\/wp\/v2\/users\/1"}],"replies":[{"embeddable":true,"href":"https:\/\/sahb.ch\/fr\/wp-json\/wp\/v2\/comments?post=1623"}],"version-history":[{"count":5,"href":"https:\/\/sahb.ch\/fr\/wp-json\/wp\/v2\/pages\/1623\/revisions"}],"predecessor-version":[{"id":45311,"href":"https:\/\/sahb.ch\/fr\/wp-json\/wp\/v2\/pages\/1623\/revisions\/45311"}],"wp:attachment":[{"href":"https:\/\/sahb.ch\/fr\/wp-json\/wp\/v2\/media?parent=1623"}],"curies":[{"name":"wp","href":"https:\/\/api.w.org\/{rel}","templated":true}]}}