{"id":1633,"date":"2020-02-27T09:10:58","date_gmt":"2020-02-27T09:10:58","guid":{"rendered":"https:\/\/sahb.ch\/conseil\/umbau-von-autos\/"},"modified":"2024-09-26T08:40:15","modified_gmt":"2024-09-26T08:40:15","slug":"transformation-automobiles","status":"publish","type":"page","link":"https:\/\/sahb.ch\/fr\/transformation-automobiles\/","title":{"rendered":"Transformation d\u2019automobiles"},"content":{"rendered":"","protected":false},"excerpt":{"rendered":"","protected":false},"author":1,"featured_media":0,"parent":0,"menu_order":0,"comment_status":"closed","ping_status":"closed","template":"","meta":{"_acf_changed":false},"class_list":["post-1633","page","type-page","status-publish","hentry"],"acf":[],"yoast_head":"<!-- This site is optimized with the Yoast SEO plugin v26.5 - https:\/\/yoast.com\/wordpress\/plugins\/seo\/ -->\n<title>La FSCMA vous conseille sur la transformation d\u2019automobiles<\/title>\n<meta name=\"description\" content=\"Nos sp\u00e9cialistes veillent \u00e0 ce que nos clientes et nos clients puissent se d\u00e9placer sans obstacles, m\u00eame en voiture.\" \/>\n<meta name=\"robots\" content=\"index, follow, max-snippet:-1, max-image-preview:large, max-video-preview:-1\" \/>\n<link rel=\"canonical\" href=\"https:\/\/sahb.ch\/fr\/transformation-automobiles\/\" \/>\n<meta property=\"og:locale\" content=\"fr_FR\" \/>\n<meta property=\"og:type\" content=\"article\" \/>\n<meta property=\"og:title\" content=\"La FSCMA vous conseille sur la transformation d\u2019automobiles\" \/>\n<meta property=\"og:description\" content=\"Nos sp\u00e9cialistes veillent \u00e0 ce que nos clientes et nos clients puissent se d\u00e9placer sans obstacles, m\u00eame en voiture.\" \/>\n<meta property=\"og:url\" content=\"https:\/\/sahb.ch\/fr\/transformation-automobiles\/\" \/>\n<meta property=\"og:site_name\" content=\"SAHB\" \/>\n<meta property=\"article:modified_time\" content=\"2024-09-26T08:40:15+00:00\" \/>\n<meta name=\"twitter:card\" content=\"summary_large_image\" \/>\n<script type=\"application\/ld+json\" class=\"yoast-schema-graph\">{\"@context\":\"https:\/\/schema.org\",\"@graph\":[{\"@type\":\"WebPage\",\"@id\":\"https:\/\/sahb.ch\/fr\/transformation-automobiles\/\",\"url\":\"https:\/\/sahb.ch\/fr\/transformation-automobiles\/\",\"name\":\"La FSCMA vous conseille sur la transformation d\u2019automobiles\",\"isPartOf\":{\"@id\":\"https:\/\/sahb.ch\/fr\/#website\"},\"datePublished\":\"2020-02-27T09:10:58+00:00\",\"dateModified\":\"2024-09-26T08:40:15+00:00\",\"description\":\"Nos sp\u00e9cialistes veillent \u00e0 ce que nos clientes et nos clients puissent se d\u00e9placer sans obstacles, m\u00eame en voiture.\",\"breadcrumb\":{\"@id\":\"https:\/\/sahb.ch\/fr\/transformation-automobiles\/#breadcrumb\"},\"inLanguage\":\"fr-FR\",\"potentialAction\":[{\"@type\":\"ReadAction\",\"target\":[\"https:\/\/sahb.ch\/fr\/transformation-automobiles\/\"]}]},{\"@type\":\"BreadcrumbList\",\"@id\":\"https:\/\/sahb.ch\/fr\/transformation-automobiles\/#breadcrumb\",\"itemListElement\":[{\"@type\":\"ListItem\",\"position\":1,\"name\":\"Home\",\"item\":\"https:\/\/sahb.ch\/fr\/\"},{\"@type\":\"ListItem\",\"position\":2,\"name\":\"Transformation d\u2019automobiles\"}]},{\"@type\":\"WebSite\",\"@id\":\"https:\/\/sahb.ch\/fr\/#website\",\"url\":\"https:\/\/sahb.ch\/fr\/\",\"name\":\"SAHB\",\"description\":\"\",\"potentialAction\":[{\"@type\":\"SearchAction\",\"target\":{\"@type\":\"EntryPoint\",\"urlTemplate\":\"https:\/\/sahb.ch\/fr\/?s={search_term_string}\"},\"query-input\":{\"@type\":\"PropertyValueSpecification\",\"valueRequired\":true,\"valueName\":\"search_term_string\"}}],\"inLanguage\":\"fr-FR\"}]}<\/script>\n<!-- \/ Yoast SEO plugin. -->","yoast_head_json":{"title":"La FSCMA vous conseille sur la transformation d\u2019automobiles","description":"Nos sp\u00e9cialistes veillent \u00e0 ce que nos clientes et nos clients puissent se d\u00e9placer sans obstacles, m\u00eame en voiture.","robots":{"index":"index","follow":"follow","max-snippet":"max-snippet:-1","max-image-preview":"max-image-preview:large","max-video-preview":"max-video-preview:-1"},"canonical":"https:\/\/sahb.ch\/fr\/transformation-automobiles\/","og_locale":"fr_FR","og_type":"article","og_title":"La FSCMA vous conseille sur la transformation d\u2019automobiles","og_description":"Nos sp\u00e9cialistes veillent \u00e0 ce que nos clientes et nos clients puissent se d\u00e9placer sans obstacles, m\u00eame en voiture.","og_url":"https:\/\/sahb.ch\/fr\/transformation-automobiles\/","og_site_name":"SAHB","article_modified_time":"2024-09-26T08:40:15+00:00","twitter_card":"summary_large_image","schema":{"@context":"https:\/\/schema.org","@graph":[{"@type":"WebPage","@id":"https:\/\/sahb.ch\/fr\/transformation-automobiles\/","url":"https:\/\/sahb.ch\/fr\/transformation-automobiles\/","name":"La FSCMA vous conseille sur la transformation d\u2019automobiles","isPartOf":{"@id":"https:\/\/sahb.ch\/fr\/#website"},"datePublished":"2020-02-27T09:10:58+00:00","dateModified":"2024-09-26T08:40:15+00:00","description":"Nos sp\u00e9cialistes veillent \u00e0 ce que nos clientes et nos clients puissent se d\u00e9placer sans obstacles, m\u00eame en voiture.","breadcrumb":{"@id":"https:\/\/sahb.ch\/fr\/transformation-automobiles\/#breadcrumb"},"inLanguage":"fr-FR","potentialAction":[{"@type":"ReadAction","target":["https:\/\/sahb.ch\/fr\/transformation-automobiles\/"]}]},{"@type":"BreadcrumbList","@id":"https:\/\/sahb.ch\/fr\/transformation-automobiles\/#breadcrumb","itemListElement":[{"@type":"ListItem","position":1,"name":"Home","item":"https:\/\/sahb.ch\/fr\/"},{"@type":"ListItem","position":2,"name":"Transformation d\u2019automobiles"}]},{"@type":"WebSite","@id":"https:\/\/sahb.ch\/fr\/#website","url":"https:\/\/sahb.ch\/fr\/","name":"SAHB","description":"","potentialAction":[{"@type":"SearchAction","target":{"@type":"EntryPoint","urlTemplate":"https:\/\/sahb.ch\/fr\/?s={search_term_string}"},"query-input":{"@type":"PropertyValueSpecification","valueRequired":true,"valueName":"search_term_string"}}],"inLanguage":"fr-FR"}]}},"_links":{"self":[{"href":"https:\/\/sahb.ch\/fr\/wp-json\/wp\/v2\/pages\/1633","targetHints":{"allow":["GET"]}}],"collection":[{"href":"https:\/\/sahb.ch\/fr\/wp-json\/wp\/v2\/pages"}],"about":[{"href":"https:\/\/sahb.ch\/fr\/wp-json\/wp\/v2\/types\/page"}],"author":[{"embeddable":true,"href":"https:\/\/sahb.ch\/fr\/wp-json\/wp\/v2\/users\/1"}],"replies":[{"embeddable":true,"href":"https:\/\/sahb.ch\/fr\/wp-json\/wp\/v2\/comments?post=1633"}],"version-history":[{"count":7,"href":"https:\/\/sahb.ch\/fr\/wp-json\/wp\/v2\/pages\/1633\/revisions"}],"predecessor-version":[{"id":45314,"href":"https:\/\/sahb.ch\/fr\/wp-json\/wp\/v2\/pages\/1633\/revisions\/45314"}],"wp:attachment":[{"href":"https:\/\/sahb.ch\/fr\/wp-json\/wp\/v2\/media?parent=1633"}],"curies":[{"name":"wp","href":"https:\/\/api.w.org\/{rel}","templated":true}]}}