{"id":1648,"date":"2020-02-27T09:42:03","date_gmt":"2020-02-27T09:42:03","guid":{"rendered":"https:\/\/sahb.ch\/service\/iv-depots\/"},"modified":"2024-09-26T09:49:49","modified_gmt":"2024-09-26T09:49:49","slug":"depots-ai","status":"publish","type":"page","link":"https:\/\/sahb.ch\/fr\/ateliers\/depots-ai\/","title":{"rendered":"D\u00e9p\u00f4ts AI"},"content":{"rendered":"","protected":false},"excerpt":{"rendered":"","protected":false},"author":1,"featured_media":0,"parent":1645,"menu_order":0,"comment_status":"closed","ping_status":"closed","template":"","meta":{"_acf_changed":false},"class_list":["post-1648","page","type-page","status-publish","hentry"],"acf":[],"yoast_head":"<!-- This site is optimized with the Yoast SEO plugin v26.5 - https:\/\/yoast.com\/wordpress\/plugins\/seo\/ -->\n<title>D\u00e9p\u00f4ts AI : Moyens auxiliaires de la FSCMA<\/title>\n<meta name=\"description\" content=\"Nos d\u00e9p\u00f4t AI g\u00e8rent des moyens auxiliaires d\u2019occasion et vous conseille dans le choix d\u2019un produit appropri\u00e9.\" \/>\n<meta name=\"robots\" content=\"index, follow, max-snippet:-1, max-image-preview:large, max-video-preview:-1\" \/>\n<link rel=\"canonical\" href=\"https:\/\/sahb.ch\/fr\/ateliers\/depots-ai\/\" \/>\n<meta property=\"og:locale\" content=\"fr_FR\" \/>\n<meta property=\"og:type\" content=\"article\" \/>\n<meta property=\"og:title\" content=\"D\u00e9p\u00f4ts AI : Moyens auxiliaires de la FSCMA\" \/>\n<meta property=\"og:description\" content=\"Nos d\u00e9p\u00f4t AI g\u00e8rent des moyens auxiliaires d\u2019occasion et vous conseille dans le choix d\u2019un produit appropri\u00e9.\" \/>\n<meta property=\"og:url\" content=\"https:\/\/sahb.ch\/fr\/ateliers\/depots-ai\/\" \/>\n<meta property=\"og:site_name\" content=\"SAHB\" \/>\n<meta property=\"article:modified_time\" content=\"2024-09-26T09:49:49+00:00\" \/>\n<meta name=\"twitter:card\" content=\"summary_large_image\" \/>\n<script type=\"application\/ld+json\" class=\"yoast-schema-graph\">{\"@context\":\"https:\/\/schema.org\",\"@graph\":[{\"@type\":\"WebPage\",\"@id\":\"https:\/\/sahb.ch\/fr\/ateliers\/depots-ai\/\",\"url\":\"https:\/\/sahb.ch\/fr\/ateliers\/depots-ai\/\",\"name\":\"D\u00e9p\u00f4ts AI : Moyens auxiliaires de la FSCMA\",\"isPartOf\":{\"@id\":\"https:\/\/sahb.ch\/fr\/#website\"},\"datePublished\":\"2020-02-27T09:42:03+00:00\",\"dateModified\":\"2024-09-26T09:49:49+00:00\",\"description\":\"Nos d\u00e9p\u00f4t AI g\u00e8rent des moyens auxiliaires d\u2019occasion et vous conseille dans le choix d\u2019un produit appropri\u00e9.\",\"breadcrumb\":{\"@id\":\"https:\/\/sahb.ch\/fr\/ateliers\/depots-ai\/#breadcrumb\"},\"inLanguage\":\"fr-FR\",\"potentialAction\":[{\"@type\":\"ReadAction\",\"target\":[\"https:\/\/sahb.ch\/fr\/ateliers\/depots-ai\/\"]}]},{\"@type\":\"BreadcrumbList\",\"@id\":\"https:\/\/sahb.ch\/fr\/ateliers\/depots-ai\/#breadcrumb\",\"itemListElement\":[{\"@type\":\"ListItem\",\"position\":1,\"name\":\"Home\",\"item\":\"https:\/\/sahb.ch\/fr\/\"},{\"@type\":\"ListItem\",\"position\":2,\"name\":\"Ateliers\",\"item\":\"https:\/\/sahb.ch\/fr\/ateliers\/\"},{\"@type\":\"ListItem\",\"position\":3,\"name\":\"D\u00e9p\u00f4ts AI\"}]},{\"@type\":\"WebSite\",\"@id\":\"https:\/\/sahb.ch\/fr\/#website\",\"url\":\"https:\/\/sahb.ch\/fr\/\",\"name\":\"SAHB\",\"description\":\"\",\"potentialAction\":[{\"@type\":\"SearchAction\",\"target\":{\"@type\":\"EntryPoint\",\"urlTemplate\":\"https:\/\/sahb.ch\/fr\/?s={search_term_string}\"},\"query-input\":{\"@type\":\"PropertyValueSpecification\",\"valueRequired\":true,\"valueName\":\"search_term_string\"}}],\"inLanguage\":\"fr-FR\"}]}<\/script>\n<!-- \/ Yoast SEO plugin. -->","yoast_head_json":{"title":"D\u00e9p\u00f4ts AI : Moyens auxiliaires de la FSCMA","description":"Nos d\u00e9p\u00f4t AI g\u00e8rent des moyens auxiliaires d\u2019occasion et vous conseille dans le choix d\u2019un produit appropri\u00e9.","robots":{"index":"index","follow":"follow","max-snippet":"max-snippet:-1","max-image-preview":"max-image-preview:large","max-video-preview":"max-video-preview:-1"},"canonical":"https:\/\/sahb.ch\/fr\/ateliers\/depots-ai\/","og_locale":"fr_FR","og_type":"article","og_title":"D\u00e9p\u00f4ts AI : Moyens auxiliaires de la FSCMA","og_description":"Nos d\u00e9p\u00f4t AI g\u00e8rent des moyens auxiliaires d\u2019occasion et vous conseille dans le choix d\u2019un produit appropri\u00e9.","og_url":"https:\/\/sahb.ch\/fr\/ateliers\/depots-ai\/","og_site_name":"SAHB","article_modified_time":"2024-09-26T09:49:49+00:00","twitter_card":"summary_large_image","schema":{"@context":"https:\/\/schema.org","@graph":[{"@type":"WebPage","@id":"https:\/\/sahb.ch\/fr\/ateliers\/depots-ai\/","url":"https:\/\/sahb.ch\/fr\/ateliers\/depots-ai\/","name":"D\u00e9p\u00f4ts AI : Moyens auxiliaires de la FSCMA","isPartOf":{"@id":"https:\/\/sahb.ch\/fr\/#website"},"datePublished":"2020-02-27T09:42:03+00:00","dateModified":"2024-09-26T09:49:49+00:00","description":"Nos d\u00e9p\u00f4t AI g\u00e8rent des moyens auxiliaires d\u2019occasion et vous conseille dans le choix d\u2019un produit appropri\u00e9.","breadcrumb":{"@id":"https:\/\/sahb.ch\/fr\/ateliers\/depots-ai\/#breadcrumb"},"inLanguage":"fr-FR","potentialAction":[{"@type":"ReadAction","target":["https:\/\/sahb.ch\/fr\/ateliers\/depots-ai\/"]}]},{"@type":"BreadcrumbList","@id":"https:\/\/sahb.ch\/fr\/ateliers\/depots-ai\/#breadcrumb","itemListElement":[{"@type":"ListItem","position":1,"name":"Home","item":"https:\/\/sahb.ch\/fr\/"},{"@type":"ListItem","position":2,"name":"Ateliers","item":"https:\/\/sahb.ch\/fr\/ateliers\/"},{"@type":"ListItem","position":3,"name":"D\u00e9p\u00f4ts AI"}]},{"@type":"WebSite","@id":"https:\/\/sahb.ch\/fr\/#website","url":"https:\/\/sahb.ch\/fr\/","name":"SAHB","description":"","potentialAction":[{"@type":"SearchAction","target":{"@type":"EntryPoint","urlTemplate":"https:\/\/sahb.ch\/fr\/?s={search_term_string}"},"query-input":{"@type":"PropertyValueSpecification","valueRequired":true,"valueName":"search_term_string"}}],"inLanguage":"fr-FR"}]}},"_links":{"self":[{"href":"https:\/\/sahb.ch\/fr\/wp-json\/wp\/v2\/pages\/1648","targetHints":{"allow":["GET"]}}],"collection":[{"href":"https:\/\/sahb.ch\/fr\/wp-json\/wp\/v2\/pages"}],"about":[{"href":"https:\/\/sahb.ch\/fr\/wp-json\/wp\/v2\/types\/page"}],"author":[{"embeddable":true,"href":"https:\/\/sahb.ch\/fr\/wp-json\/wp\/v2\/users\/1"}],"replies":[{"embeddable":true,"href":"https:\/\/sahb.ch\/fr\/wp-json\/wp\/v2\/comments?post=1648"}],"version-history":[{"count":7,"href":"https:\/\/sahb.ch\/fr\/wp-json\/wp\/v2\/pages\/1648\/revisions"}],"predecessor-version":[{"id":45322,"href":"https:\/\/sahb.ch\/fr\/wp-json\/wp\/v2\/pages\/1648\/revisions\/45322"}],"up":[{"embeddable":true,"href":"https:\/\/sahb.ch\/fr\/wp-json\/wp\/v2\/pages\/1645"}],"wp:attachment":[{"href":"https:\/\/sahb.ch\/fr\/wp-json\/wp\/v2\/media?parent=1648"}],"curies":[{"name":"wp","href":"https:\/\/api.w.org\/{rel}","templated":true}]}}