{"id":1656,"date":"2020-02-27T09:49:45","date_gmt":"2020-02-27T09:49:45","guid":{"rendered":"https:\/\/sahb.ch\/service\/unsere-werkstaetten\/"},"modified":"2025-01-23T07:32:33","modified_gmt":"2025-01-23T07:32:33","slug":"nos-ateliers","status":"publish","type":"page","link":"https:\/\/sahb.ch\/fr\/ateliers\/nos-ateliers\/","title":{"rendered":"Nos ateliers"},"content":{"rendered":"","protected":false},"excerpt":{"rendered":"","protected":false},"author":1,"featured_media":0,"parent":1645,"menu_order":0,"comment_status":"closed","ping_status":"closed","template":"","meta":{"_acf_changed":false},"class_list":["post-1656","page","type-page","status-publish","hentry"],"acf":[],"yoast_head":"<!-- This site is optimized with the Yoast SEO plugin v26.5 - https:\/\/yoast.com\/wordpress\/plugins\/seo\/ -->\n<title>Dans nos ateliers nous g\u00e9rons des moyens auxiliaires<\/title>\n<meta name=\"description\" content=\"Dans nos ateliers nous g\u00e9rons et entretenons des moyens auxiliaires comme des fauteuils roulants ou des aides \u00e0 la marche..\" \/>\n<meta name=\"robots\" content=\"index, follow, max-snippet:-1, max-image-preview:large, max-video-preview:-1\" \/>\n<link rel=\"canonical\" href=\"https:\/\/sahb.ch\/fr\/ateliers\/nos-ateliers\/\" \/>\n<meta property=\"og:locale\" content=\"fr_FR\" \/>\n<meta property=\"og:type\" content=\"article\" \/>\n<meta property=\"og:title\" content=\"Dans nos ateliers nous g\u00e9rons des moyens auxiliaires\" \/>\n<meta property=\"og:description\" content=\"Dans nos ateliers nous g\u00e9rons et entretenons des moyens auxiliaires comme des fauteuils roulants ou des aides \u00e0 la marche..\" \/>\n<meta property=\"og:url\" content=\"https:\/\/sahb.ch\/fr\/ateliers\/nos-ateliers\/\" \/>\n<meta property=\"og:site_name\" content=\"SAHB\" \/>\n<meta property=\"article:modified_time\" content=\"2025-01-23T07:32:33+00:00\" \/>\n<meta name=\"twitter:card\" content=\"summary_large_image\" \/>\n<script type=\"application\/ld+json\" class=\"yoast-schema-graph\">{\"@context\":\"https:\/\/schema.org\",\"@graph\":[{\"@type\":\"WebPage\",\"@id\":\"https:\/\/sahb.ch\/fr\/ateliers\/nos-ateliers\/\",\"url\":\"https:\/\/sahb.ch\/fr\/ateliers\/nos-ateliers\/\",\"name\":\"Dans nos ateliers nous g\u00e9rons des moyens auxiliaires\",\"isPartOf\":{\"@id\":\"https:\/\/sahb.ch\/fr\/#website\"},\"datePublished\":\"2020-02-27T09:49:45+00:00\",\"dateModified\":\"2025-01-23T07:32:33+00:00\",\"description\":\"Dans nos ateliers nous g\u00e9rons et entretenons des moyens auxiliaires comme des fauteuils roulants ou des aides \u00e0 la marche..\",\"breadcrumb\":{\"@id\":\"https:\/\/sahb.ch\/fr\/ateliers\/nos-ateliers\/#breadcrumb\"},\"inLanguage\":\"fr-FR\",\"potentialAction\":[{\"@type\":\"ReadAction\",\"target\":[\"https:\/\/sahb.ch\/fr\/ateliers\/nos-ateliers\/\"]}]},{\"@type\":\"BreadcrumbList\",\"@id\":\"https:\/\/sahb.ch\/fr\/ateliers\/nos-ateliers\/#breadcrumb\",\"itemListElement\":[{\"@type\":\"ListItem\",\"position\":1,\"name\":\"Home\",\"item\":\"https:\/\/sahb.ch\/fr\/\"},{\"@type\":\"ListItem\",\"position\":2,\"name\":\"Ateliers\",\"item\":\"https:\/\/sahb.ch\/fr\/ateliers\/\"},{\"@type\":\"ListItem\",\"position\":3,\"name\":\"Nos ateliers\"}]},{\"@type\":\"WebSite\",\"@id\":\"https:\/\/sahb.ch\/fr\/#website\",\"url\":\"https:\/\/sahb.ch\/fr\/\",\"name\":\"SAHB\",\"description\":\"\",\"potentialAction\":[{\"@type\":\"SearchAction\",\"target\":{\"@type\":\"EntryPoint\",\"urlTemplate\":\"https:\/\/sahb.ch\/fr\/?s={search_term_string}\"},\"query-input\":{\"@type\":\"PropertyValueSpecification\",\"valueRequired\":true,\"valueName\":\"search_term_string\"}}],\"inLanguage\":\"fr-FR\"}]}<\/script>\n<!-- \/ Yoast SEO plugin. -->","yoast_head_json":{"title":"Dans nos ateliers nous g\u00e9rons des moyens auxiliaires","description":"Dans nos ateliers nous g\u00e9rons et entretenons des moyens auxiliaires comme des fauteuils roulants ou des aides \u00e0 la marche..","robots":{"index":"index","follow":"follow","max-snippet":"max-snippet:-1","max-image-preview":"max-image-preview:large","max-video-preview":"max-video-preview:-1"},"canonical":"https:\/\/sahb.ch\/fr\/ateliers\/nos-ateliers\/","og_locale":"fr_FR","og_type":"article","og_title":"Dans nos ateliers nous g\u00e9rons des moyens auxiliaires","og_description":"Dans nos ateliers nous g\u00e9rons et entretenons des moyens auxiliaires comme des fauteuils roulants ou des aides \u00e0 la marche..","og_url":"https:\/\/sahb.ch\/fr\/ateliers\/nos-ateliers\/","og_site_name":"SAHB","article_modified_time":"2025-01-23T07:32:33+00:00","twitter_card":"summary_large_image","schema":{"@context":"https:\/\/schema.org","@graph":[{"@type":"WebPage","@id":"https:\/\/sahb.ch\/fr\/ateliers\/nos-ateliers\/","url":"https:\/\/sahb.ch\/fr\/ateliers\/nos-ateliers\/","name":"Dans nos ateliers nous g\u00e9rons des moyens auxiliaires","isPartOf":{"@id":"https:\/\/sahb.ch\/fr\/#website"},"datePublished":"2020-02-27T09:49:45+00:00","dateModified":"2025-01-23T07:32:33+00:00","description":"Dans nos ateliers nous g\u00e9rons et entretenons des moyens auxiliaires comme des fauteuils roulants ou des aides \u00e0 la marche..","breadcrumb":{"@id":"https:\/\/sahb.ch\/fr\/ateliers\/nos-ateliers\/#breadcrumb"},"inLanguage":"fr-FR","potentialAction":[{"@type":"ReadAction","target":["https:\/\/sahb.ch\/fr\/ateliers\/nos-ateliers\/"]}]},{"@type":"BreadcrumbList","@id":"https:\/\/sahb.ch\/fr\/ateliers\/nos-ateliers\/#breadcrumb","itemListElement":[{"@type":"ListItem","position":1,"name":"Home","item":"https:\/\/sahb.ch\/fr\/"},{"@type":"ListItem","position":2,"name":"Ateliers","item":"https:\/\/sahb.ch\/fr\/ateliers\/"},{"@type":"ListItem","position":3,"name":"Nos ateliers"}]},{"@type":"WebSite","@id":"https:\/\/sahb.ch\/fr\/#website","url":"https:\/\/sahb.ch\/fr\/","name":"SAHB","description":"","potentialAction":[{"@type":"SearchAction","target":{"@type":"EntryPoint","urlTemplate":"https:\/\/sahb.ch\/fr\/?s={search_term_string}"},"query-input":{"@type":"PropertyValueSpecification","valueRequired":true,"valueName":"search_term_string"}}],"inLanguage":"fr-FR"}]}},"_links":{"self":[{"href":"https:\/\/sahb.ch\/fr\/wp-json\/wp\/v2\/pages\/1656","targetHints":{"allow":["GET"]}}],"collection":[{"href":"https:\/\/sahb.ch\/fr\/wp-json\/wp\/v2\/pages"}],"about":[{"href":"https:\/\/sahb.ch\/fr\/wp-json\/wp\/v2\/types\/page"}],"author":[{"embeddable":true,"href":"https:\/\/sahb.ch\/fr\/wp-json\/wp\/v2\/users\/1"}],"replies":[{"embeddable":true,"href":"https:\/\/sahb.ch\/fr\/wp-json\/wp\/v2\/comments?post=1656"}],"version-history":[{"count":7,"href":"https:\/\/sahb.ch\/fr\/wp-json\/wp\/v2\/pages\/1656\/revisions"}],"predecessor-version":[{"id":47924,"href":"https:\/\/sahb.ch\/fr\/wp-json\/wp\/v2\/pages\/1656\/revisions\/47924"}],"up":[{"embeddable":true,"href":"https:\/\/sahb.ch\/fr\/wp-json\/wp\/v2\/pages\/1645"}],"wp:attachment":[{"href":"https:\/\/sahb.ch\/fr\/wp-json\/wp\/v2\/media?parent=1656"}],"curies":[{"name":"wp","href":"https:\/\/api.w.org\/{rel}","templated":true}]}}