{"id":1731,"date":"2020-03-02T09:13:22","date_gmt":"2020-03-02T09:13:22","guid":{"rendered":"https:\/\/sahb.ch\/jobs\/"},"modified":"2026-03-16T14:11:18","modified_gmt":"2026-03-16T14:11:18","slug":"emplois","status":"publish","type":"page","link":"https:\/\/sahb.ch\/fr\/sur-nous\/emplois\/","title":{"rendered":"Emplois"},"content":{"rendered":"","protected":false},"excerpt":{"rendered":"","protected":false},"author":1,"featured_media":0,"parent":1668,"menu_order":0,"comment_status":"closed","ping_status":"closed","template":"","meta":{"_acf_changed":false},"class_list":["post-1731","page","type-page","status-publish","hentry"],"acf":[],"yoast_head":"<!-- This site is optimized with the Yoast SEO plugin v26.5 - https:\/\/yoast.com\/wordpress\/plugins\/seo\/ -->\n<title>Offres d&#039;emploi | FSCMA<\/title>\n<meta name=\"description\" content=\"Les offres d&#039;emploi de la FSCMA : nous recherchons des collaborateurs engag\u00e9s pour apporter un soutien optimal \u00e0 notre client\u00e8le.\u00a0\" \/>\n<meta name=\"robots\" content=\"index, follow, max-snippet:-1, max-image-preview:large, max-video-preview:-1\" \/>\n<link rel=\"canonical\" href=\"https:\/\/sahb.ch\/fr\/sur-nous\/emplois\/\" \/>\n<meta property=\"og:locale\" content=\"fr_FR\" \/>\n<meta property=\"og:type\" content=\"article\" \/>\n<meta property=\"og:title\" content=\"Offres d&#039;emploi | FSCMA\" \/>\n<meta property=\"og:description\" content=\"Les offres d&#039;emploi de la FSCMA : nous recherchons des collaborateurs engag\u00e9s pour apporter un soutien optimal \u00e0 notre client\u00e8le.\u00a0\" \/>\n<meta property=\"og:url\" content=\"https:\/\/sahb.ch\/fr\/sur-nous\/emplois\/\" \/>\n<meta property=\"og:site_name\" content=\"SAHB\" \/>\n<meta property=\"article:modified_time\" content=\"2026-03-16T14:11:18+00:00\" \/>\n<meta name=\"twitter:card\" content=\"summary_large_image\" \/>\n<script type=\"application\/ld+json\" class=\"yoast-schema-graph\">{\"@context\":\"https:\/\/schema.org\",\"@graph\":[{\"@type\":\"WebPage\",\"@id\":\"https:\/\/sahb.ch\/fr\/sur-nous\/emplois\/\",\"url\":\"https:\/\/sahb.ch\/fr\/sur-nous\/emplois\/\",\"name\":\"Offres d'emploi | FSCMA\",\"isPartOf\":{\"@id\":\"https:\/\/sahb.ch\/fr\/#website\"},\"datePublished\":\"2020-03-02T09:13:22+00:00\",\"dateModified\":\"2026-03-16T14:11:18+00:00\",\"description\":\"Les offres d'emploi de la FSCMA : nous recherchons des collaborateurs engag\u00e9s pour apporter un soutien optimal \u00e0 notre client\u00e8le.\u00a0\",\"breadcrumb\":{\"@id\":\"https:\/\/sahb.ch\/fr\/sur-nous\/emplois\/#breadcrumb\"},\"inLanguage\":\"fr-FR\",\"potentialAction\":[{\"@type\":\"ReadAction\",\"target\":[\"https:\/\/sahb.ch\/fr\/sur-nous\/emplois\/\"]}]},{\"@type\":\"BreadcrumbList\",\"@id\":\"https:\/\/sahb.ch\/fr\/sur-nous\/emplois\/#breadcrumb\",\"itemListElement\":[{\"@type\":\"ListItem\",\"position\":1,\"name\":\"Home\",\"item\":\"https:\/\/sahb.ch\/fr\/\"},{\"@type\":\"ListItem\",\"position\":2,\"name\":\"Sur nous\",\"item\":\"https:\/\/sahb.ch\/fr\/sur-nous\/\"},{\"@type\":\"ListItem\",\"position\":3,\"name\":\"Emplois\"}]},{\"@type\":\"WebSite\",\"@id\":\"https:\/\/sahb.ch\/fr\/#website\",\"url\":\"https:\/\/sahb.ch\/fr\/\",\"name\":\"SAHB\",\"description\":\"\",\"potentialAction\":[{\"@type\":\"SearchAction\",\"target\":{\"@type\":\"EntryPoint\",\"urlTemplate\":\"https:\/\/sahb.ch\/fr\/?s={search_term_string}\"},\"query-input\":{\"@type\":\"PropertyValueSpecification\",\"valueRequired\":true,\"valueName\":\"search_term_string\"}}],\"inLanguage\":\"fr-FR\"}]}<\/script>\n<!-- \/ Yoast SEO plugin. -->","yoast_head_json":{"title":"Offres d'emploi | FSCMA","description":"Les offres d'emploi de la FSCMA : nous recherchons des collaborateurs engag\u00e9s pour apporter un soutien optimal \u00e0 notre client\u00e8le.\u00a0","robots":{"index":"index","follow":"follow","max-snippet":"max-snippet:-1","max-image-preview":"max-image-preview:large","max-video-preview":"max-video-preview:-1"},"canonical":"https:\/\/sahb.ch\/fr\/sur-nous\/emplois\/","og_locale":"fr_FR","og_type":"article","og_title":"Offres d'emploi | FSCMA","og_description":"Les offres d'emploi de la FSCMA : nous recherchons des collaborateurs engag\u00e9s pour apporter un soutien optimal \u00e0 notre client\u00e8le.\u00a0","og_url":"https:\/\/sahb.ch\/fr\/sur-nous\/emplois\/","og_site_name":"SAHB","article_modified_time":"2026-03-16T14:11:18+00:00","twitter_card":"summary_large_image","schema":{"@context":"https:\/\/schema.org","@graph":[{"@type":"WebPage","@id":"https:\/\/sahb.ch\/fr\/sur-nous\/emplois\/","url":"https:\/\/sahb.ch\/fr\/sur-nous\/emplois\/","name":"Offres d'emploi | FSCMA","isPartOf":{"@id":"https:\/\/sahb.ch\/fr\/#website"},"datePublished":"2020-03-02T09:13:22+00:00","dateModified":"2026-03-16T14:11:18+00:00","description":"Les offres d'emploi de la FSCMA : nous recherchons des collaborateurs engag\u00e9s pour apporter un soutien optimal \u00e0 notre client\u00e8le.\u00a0","breadcrumb":{"@id":"https:\/\/sahb.ch\/fr\/sur-nous\/emplois\/#breadcrumb"},"inLanguage":"fr-FR","potentialAction":[{"@type":"ReadAction","target":["https:\/\/sahb.ch\/fr\/sur-nous\/emplois\/"]}]},{"@type":"BreadcrumbList","@id":"https:\/\/sahb.ch\/fr\/sur-nous\/emplois\/#breadcrumb","itemListElement":[{"@type":"ListItem","position":1,"name":"Home","item":"https:\/\/sahb.ch\/fr\/"},{"@type":"ListItem","position":2,"name":"Sur nous","item":"https:\/\/sahb.ch\/fr\/sur-nous\/"},{"@type":"ListItem","position":3,"name":"Emplois"}]},{"@type":"WebSite","@id":"https:\/\/sahb.ch\/fr\/#website","url":"https:\/\/sahb.ch\/fr\/","name":"SAHB","description":"","potentialAction":[{"@type":"SearchAction","target":{"@type":"EntryPoint","urlTemplate":"https:\/\/sahb.ch\/fr\/?s={search_term_string}"},"query-input":{"@type":"PropertyValueSpecification","valueRequired":true,"valueName":"search_term_string"}}],"inLanguage":"fr-FR"}]}},"_links":{"self":[{"href":"https:\/\/sahb.ch\/fr\/wp-json\/wp\/v2\/pages\/1731","targetHints":{"allow":["GET"]}}],"collection":[{"href":"https:\/\/sahb.ch\/fr\/wp-json\/wp\/v2\/pages"}],"about":[{"href":"https:\/\/sahb.ch\/fr\/wp-json\/wp\/v2\/types\/page"}],"author":[{"embeddable":true,"href":"https:\/\/sahb.ch\/fr\/wp-json\/wp\/v2\/users\/1"}],"replies":[{"embeddable":true,"href":"https:\/\/sahb.ch\/fr\/wp-json\/wp\/v2\/comments?post=1731"}],"version-history":[{"count":59,"href":"https:\/\/sahb.ch\/fr\/wp-json\/wp\/v2\/pages\/1731\/revisions"}],"predecessor-version":[{"id":59637,"href":"https:\/\/sahb.ch\/fr\/wp-json\/wp\/v2\/pages\/1731\/revisions\/59637"}],"up":[{"embeddable":true,"href":"https:\/\/sahb.ch\/fr\/wp-json\/wp\/v2\/pages\/1668"}],"wp:attachment":[{"href":"https:\/\/sahb.ch\/fr\/wp-json\/wp\/v2\/media?parent=1731"}],"curies":[{"name":"wp","href":"https:\/\/api.w.org\/{rel}","templated":true}]}}