{"id":1775,"date":"2020-02-28T14:32:33","date_gmt":"2020-02-28T14:32:33","guid":{"rendered":"https:\/\/sahb.ch\/exma-vision\/neuheiten\/"},"modified":"2026-03-05T09:45:14","modified_gmt":"2026-03-05T09:45:14","slug":"nouveautes","status":"publish","type":"page","link":"https:\/\/sahb.ch\/fr\/exma-vision\/nouveautes\/","title":{"rendered":"Nouveaut\u00e9s"},"content":{"rendered":"","protected":false},"excerpt":{"rendered":"","protected":false},"author":1,"featured_media":0,"parent":26505,"menu_order":0,"comment_status":"closed","ping_status":"closed","template":"","meta":{"_acf_changed":false},"class_list":["post-1775","page","type-page","status-publish","hentry"],"acf":[],"yoast_head":"<!-- This site is optimized with the Yoast SEO plugin v26.5 - https:\/\/yoast.com\/wordpress\/plugins\/seo\/ -->\n<title>Nouveaut\u00e9s de l&#039;exposition Exma VISION | FSCMA<\/title>\n<meta name=\"description\" content=\"Notre exposition Exma VISION pr\u00e9sente r\u00e9guli\u00e8rement des nouveaut\u00e9s du commerce sp\u00e9cialis\u00e9 du march\u00e9 des moyens auxili\u00e8res.\" \/>\n<meta name=\"robots\" content=\"noindex, nofollow\" \/>\n<meta property=\"og:locale\" content=\"fr_FR\" \/>\n<meta property=\"og:type\" content=\"article\" \/>\n<meta property=\"og:title\" content=\"Nouveaut\u00e9s de l&#039;exposition Exma VISION | FSCMA\" \/>\n<meta property=\"og:description\" content=\"Notre exposition Exma VISION pr\u00e9sente r\u00e9guli\u00e8rement des nouveaut\u00e9s du commerce sp\u00e9cialis\u00e9 du march\u00e9 des moyens auxili\u00e8res.\" \/>\n<meta property=\"og:url\" content=\"https:\/\/sahb.ch\/fr\/exma-vision\/nouveautes\/\" \/>\n<meta property=\"og:site_name\" content=\"SAHB\" \/>\n<meta property=\"article:modified_time\" content=\"2026-03-05T09:45:14+00:00\" \/>\n<meta name=\"twitter:card\" content=\"summary_large_image\" \/>\n<script type=\"application\/ld+json\" class=\"yoast-schema-graph\">{\"@context\":\"https:\/\/schema.org\",\"@graph\":[{\"@type\":\"WebPage\",\"@id\":\"https:\/\/sahb.ch\/fr\/exma-vision\/nouveautes\/\",\"url\":\"https:\/\/sahb.ch\/fr\/exma-vision\/nouveautes\/\",\"name\":\"Nouveaut\u00e9s de l'exposition Exma VISION | FSCMA\",\"isPartOf\":{\"@id\":\"https:\/\/sahb.ch\/fr\/#website\"},\"datePublished\":\"2020-02-28T14:32:33+00:00\",\"dateModified\":\"2026-03-05T09:45:14+00:00\",\"description\":\"Notre exposition Exma VISION pr\u00e9sente r\u00e9guli\u00e8rement des nouveaut\u00e9s du commerce sp\u00e9cialis\u00e9 du march\u00e9 des moyens auxili\u00e8res.\",\"breadcrumb\":{\"@id\":\"https:\/\/sahb.ch\/fr\/exma-vision\/nouveautes\/#breadcrumb\"},\"inLanguage\":\"fr-FR\",\"potentialAction\":[{\"@type\":\"ReadAction\",\"target\":[\"https:\/\/sahb.ch\/fr\/exma-vision\/nouveautes\/\"]}]},{\"@type\":\"BreadcrumbList\",\"@id\":\"https:\/\/sahb.ch\/fr\/exma-vision\/nouveautes\/#breadcrumb\",\"itemListElement\":[{\"@type\":\"ListItem\",\"position\":1,\"name\":\"Home\",\"item\":\"https:\/\/sahb.ch\/fr\/\"},{\"@type\":\"ListItem\",\"position\":2,\"name\":\"Exposition\",\"item\":\"https:\/\/sahb.ch\/fr\/exma-vision\/\"},{\"@type\":\"ListItem\",\"position\":3,\"name\":\"Nouveaut\u00e9s\"}]},{\"@type\":\"WebSite\",\"@id\":\"https:\/\/sahb.ch\/fr\/#website\",\"url\":\"https:\/\/sahb.ch\/fr\/\",\"name\":\"SAHB\",\"description\":\"\",\"potentialAction\":[{\"@type\":\"SearchAction\",\"target\":{\"@type\":\"EntryPoint\",\"urlTemplate\":\"https:\/\/sahb.ch\/fr\/?s={search_term_string}\"},\"query-input\":{\"@type\":\"PropertyValueSpecification\",\"valueRequired\":true,\"valueName\":\"search_term_string\"}}],\"inLanguage\":\"fr-FR\"}]}<\/script>\n<!-- \/ Yoast SEO plugin. -->","yoast_head_json":{"title":"Nouveaut\u00e9s de l'exposition Exma VISION | FSCMA","description":"Notre exposition Exma VISION pr\u00e9sente r\u00e9guli\u00e8rement des nouveaut\u00e9s du commerce sp\u00e9cialis\u00e9 du march\u00e9 des moyens auxili\u00e8res.","robots":{"index":"noindex","follow":"nofollow"},"og_locale":"fr_FR","og_type":"article","og_title":"Nouveaut\u00e9s de l'exposition Exma VISION | FSCMA","og_description":"Notre exposition Exma VISION pr\u00e9sente r\u00e9guli\u00e8rement des nouveaut\u00e9s du commerce sp\u00e9cialis\u00e9 du march\u00e9 des moyens auxili\u00e8res.","og_url":"https:\/\/sahb.ch\/fr\/exma-vision\/nouveautes\/","og_site_name":"SAHB","article_modified_time":"2026-03-05T09:45:14+00:00","twitter_card":"summary_large_image","schema":{"@context":"https:\/\/schema.org","@graph":[{"@type":"WebPage","@id":"https:\/\/sahb.ch\/fr\/exma-vision\/nouveautes\/","url":"https:\/\/sahb.ch\/fr\/exma-vision\/nouveautes\/","name":"Nouveaut\u00e9s de l'exposition Exma VISION | FSCMA","isPartOf":{"@id":"https:\/\/sahb.ch\/fr\/#website"},"datePublished":"2020-02-28T14:32:33+00:00","dateModified":"2026-03-05T09:45:14+00:00","description":"Notre exposition Exma VISION pr\u00e9sente r\u00e9guli\u00e8rement des nouveaut\u00e9s du commerce sp\u00e9cialis\u00e9 du march\u00e9 des moyens auxili\u00e8res.","breadcrumb":{"@id":"https:\/\/sahb.ch\/fr\/exma-vision\/nouveautes\/#breadcrumb"},"inLanguage":"fr-FR","potentialAction":[{"@type":"ReadAction","target":["https:\/\/sahb.ch\/fr\/exma-vision\/nouveautes\/"]}]},{"@type":"BreadcrumbList","@id":"https:\/\/sahb.ch\/fr\/exma-vision\/nouveautes\/#breadcrumb","itemListElement":[{"@type":"ListItem","position":1,"name":"Home","item":"https:\/\/sahb.ch\/fr\/"},{"@type":"ListItem","position":2,"name":"Exposition","item":"https:\/\/sahb.ch\/fr\/exma-vision\/"},{"@type":"ListItem","position":3,"name":"Nouveaut\u00e9s"}]},{"@type":"WebSite","@id":"https:\/\/sahb.ch\/fr\/#website","url":"https:\/\/sahb.ch\/fr\/","name":"SAHB","description":"","potentialAction":[{"@type":"SearchAction","target":{"@type":"EntryPoint","urlTemplate":"https:\/\/sahb.ch\/fr\/?s={search_term_string}"},"query-input":{"@type":"PropertyValueSpecification","valueRequired":true,"valueName":"search_term_string"}}],"inLanguage":"fr-FR"}]}},"_links":{"self":[{"href":"https:\/\/sahb.ch\/fr\/wp-json\/wp\/v2\/pages\/1775","targetHints":{"allow":["GET"]}}],"collection":[{"href":"https:\/\/sahb.ch\/fr\/wp-json\/wp\/v2\/pages"}],"about":[{"href":"https:\/\/sahb.ch\/fr\/wp-json\/wp\/v2\/types\/page"}],"author":[{"embeddable":true,"href":"https:\/\/sahb.ch\/fr\/wp-json\/wp\/v2\/users\/1"}],"replies":[{"embeddable":true,"href":"https:\/\/sahb.ch\/fr\/wp-json\/wp\/v2\/comments?post=1775"}],"version-history":[{"count":161,"href":"https:\/\/sahb.ch\/fr\/wp-json\/wp\/v2\/pages\/1775\/revisions"}],"predecessor-version":[{"id":59198,"href":"https:\/\/sahb.ch\/fr\/wp-json\/wp\/v2\/pages\/1775\/revisions\/59198"}],"up":[{"embeddable":true,"href":"https:\/\/sahb.ch\/fr\/wp-json\/wp\/v2\/pages\/26505"}],"wp:attachment":[{"href":"https:\/\/sahb.ch\/fr\/wp-json\/wp\/v2\/media?parent=1775"}],"curies":[{"name":"wp","href":"https:\/\/api.w.org\/{rel}","templated":true}]}}