{"id":1797,"date":"2020-02-24T12:13:50","date_gmt":"2020-02-24T12:13:50","guid":{"rendered":"https:\/\/sahb.ch\/exma-vision\/ausgaben-2019-2020\/"},"modified":"2022-12-19T13:23:02","modified_gmt":"2022-12-19T13:23:02","slug":"editions-2019-2020","status":"publish","type":"page","link":"https:\/\/sahb.ch\/fr\/exma-vision\/editions-2019-2020\/","title":{"rendered":"Editions 2019\u20132020"},"content":{"rendered":"","protected":false},"excerpt":{"rendered":"","protected":false},"author":1,"featured_media":0,"parent":26505,"menu_order":0,"comment_status":"closed","ping_status":"closed","template":"","meta":{"_acf_changed":false},"class_list":["post-1797","page","type-page","status-publish","hentry"],"acf":[],"yoast_head":"<!-- This site is optimized with the Yoast SEO plugin v26.5 - https:\/\/yoast.com\/wordpress\/plugins\/seo\/ -->\n<title>Editions 2019\u20132020 d&#039;Exma INFO | SAHB<\/title>\n<meta name=\"description\" content=\"T\u00e9l\u00e9chargez et lisez les \u00e9ditions 2019-2020 de notre magazine Exma INFO. L&#039;Exma INFO est publi\u00e9 en fran\u00e7ais et en italien.\" \/>\n<meta name=\"robots\" content=\"noindex, nofollow\" \/>\n<meta property=\"og:locale\" content=\"fr_FR\" \/>\n<meta property=\"og:type\" content=\"article\" \/>\n<meta property=\"og:title\" content=\"Editions 2019\u20132020 d&#039;Exma INFO | SAHB\" \/>\n<meta property=\"og:description\" content=\"T\u00e9l\u00e9chargez et lisez les \u00e9ditions 2019-2020 de notre magazine Exma INFO. L&#039;Exma INFO est publi\u00e9 en fran\u00e7ais et en italien.\" \/>\n<meta property=\"og:url\" content=\"https:\/\/sahb.ch\/fr\/exma-vision\/editions-2019-2020\/\" \/>\n<meta property=\"og:site_name\" content=\"SAHB\" \/>\n<meta property=\"article:modified_time\" content=\"2022-12-19T13:23:02+00:00\" \/>\n<meta name=\"twitter:card\" content=\"summary_large_image\" \/>\n<script type=\"application\/ld+json\" class=\"yoast-schema-graph\">{\"@context\":\"https:\/\/schema.org\",\"@graph\":[{\"@type\":\"WebPage\",\"@id\":\"https:\/\/sahb.ch\/fr\/exma-vision\/editions-2019-2020\/\",\"url\":\"https:\/\/sahb.ch\/fr\/exma-vision\/editions-2019-2020\/\",\"name\":\"Editions 2019\u20132020 d'Exma INFO | SAHB\",\"isPartOf\":{\"@id\":\"https:\/\/sahb.ch\/fr\/#website\"},\"datePublished\":\"2020-02-24T12:13:50+00:00\",\"dateModified\":\"2022-12-19T13:23:02+00:00\",\"description\":\"T\u00e9l\u00e9chargez et lisez les \u00e9ditions 2019-2020 de notre magazine Exma INFO. L'Exma INFO est publi\u00e9 en fran\u00e7ais et en italien.\",\"breadcrumb\":{\"@id\":\"https:\/\/sahb.ch\/fr\/exma-vision\/editions-2019-2020\/#breadcrumb\"},\"inLanguage\":\"fr-FR\",\"potentialAction\":[{\"@type\":\"ReadAction\",\"target\":[\"https:\/\/sahb.ch\/fr\/exma-vision\/editions-2019-2020\/\"]}]},{\"@type\":\"BreadcrumbList\",\"@id\":\"https:\/\/sahb.ch\/fr\/exma-vision\/editions-2019-2020\/#breadcrumb\",\"itemListElement\":[{\"@type\":\"ListItem\",\"position\":1,\"name\":\"Home\",\"item\":\"https:\/\/sahb.ch\/fr\/\"},{\"@type\":\"ListItem\",\"position\":2,\"name\":\"Exposition\",\"item\":\"https:\/\/sahb.ch\/fr\/exma-vision\/\"},{\"@type\":\"ListItem\",\"position\":3,\"name\":\"Editions 2019\u20132020\"}]},{\"@type\":\"WebSite\",\"@id\":\"https:\/\/sahb.ch\/fr\/#website\",\"url\":\"https:\/\/sahb.ch\/fr\/\",\"name\":\"SAHB\",\"description\":\"\",\"potentialAction\":[{\"@type\":\"SearchAction\",\"target\":{\"@type\":\"EntryPoint\",\"urlTemplate\":\"https:\/\/sahb.ch\/fr\/?s={search_term_string}\"},\"query-input\":{\"@type\":\"PropertyValueSpecification\",\"valueRequired\":true,\"valueName\":\"search_term_string\"}}],\"inLanguage\":\"fr-FR\"}]}<\/script>\n<!-- \/ Yoast SEO plugin. -->","yoast_head_json":{"title":"Editions 2019\u20132020 d'Exma INFO | SAHB","description":"T\u00e9l\u00e9chargez et lisez les \u00e9ditions 2019-2020 de notre magazine Exma INFO. L'Exma INFO est publi\u00e9 en fran\u00e7ais et en italien.","robots":{"index":"noindex","follow":"nofollow"},"og_locale":"fr_FR","og_type":"article","og_title":"Editions 2019\u20132020 d'Exma INFO | SAHB","og_description":"T\u00e9l\u00e9chargez et lisez les \u00e9ditions 2019-2020 de notre magazine Exma INFO. L'Exma INFO est publi\u00e9 en fran\u00e7ais et en italien.","og_url":"https:\/\/sahb.ch\/fr\/exma-vision\/editions-2019-2020\/","og_site_name":"SAHB","article_modified_time":"2022-12-19T13:23:02+00:00","twitter_card":"summary_large_image","schema":{"@context":"https:\/\/schema.org","@graph":[{"@type":"WebPage","@id":"https:\/\/sahb.ch\/fr\/exma-vision\/editions-2019-2020\/","url":"https:\/\/sahb.ch\/fr\/exma-vision\/editions-2019-2020\/","name":"Editions 2019\u20132020 d'Exma INFO | SAHB","isPartOf":{"@id":"https:\/\/sahb.ch\/fr\/#website"},"datePublished":"2020-02-24T12:13:50+00:00","dateModified":"2022-12-19T13:23:02+00:00","description":"T\u00e9l\u00e9chargez et lisez les \u00e9ditions 2019-2020 de notre magazine Exma INFO. L'Exma INFO est publi\u00e9 en fran\u00e7ais et en italien.","breadcrumb":{"@id":"https:\/\/sahb.ch\/fr\/exma-vision\/editions-2019-2020\/#breadcrumb"},"inLanguage":"fr-FR","potentialAction":[{"@type":"ReadAction","target":["https:\/\/sahb.ch\/fr\/exma-vision\/editions-2019-2020\/"]}]},{"@type":"BreadcrumbList","@id":"https:\/\/sahb.ch\/fr\/exma-vision\/editions-2019-2020\/#breadcrumb","itemListElement":[{"@type":"ListItem","position":1,"name":"Home","item":"https:\/\/sahb.ch\/fr\/"},{"@type":"ListItem","position":2,"name":"Exposition","item":"https:\/\/sahb.ch\/fr\/exma-vision\/"},{"@type":"ListItem","position":3,"name":"Editions 2019\u20132020"}]},{"@type":"WebSite","@id":"https:\/\/sahb.ch\/fr\/#website","url":"https:\/\/sahb.ch\/fr\/","name":"SAHB","description":"","potentialAction":[{"@type":"SearchAction","target":{"@type":"EntryPoint","urlTemplate":"https:\/\/sahb.ch\/fr\/?s={search_term_string}"},"query-input":{"@type":"PropertyValueSpecification","valueRequired":true,"valueName":"search_term_string"}}],"inLanguage":"fr-FR"}]}},"_links":{"self":[{"href":"https:\/\/sahb.ch\/fr\/wp-json\/wp\/v2\/pages\/1797","targetHints":{"allow":["GET"]}}],"collection":[{"href":"https:\/\/sahb.ch\/fr\/wp-json\/wp\/v2\/pages"}],"about":[{"href":"https:\/\/sahb.ch\/fr\/wp-json\/wp\/v2\/types\/page"}],"author":[{"embeddable":true,"href":"https:\/\/sahb.ch\/fr\/wp-json\/wp\/v2\/users\/1"}],"replies":[{"embeddable":true,"href":"https:\/\/sahb.ch\/fr\/wp-json\/wp\/v2\/comments?post=1797"}],"version-history":[{"count":17,"href":"https:\/\/sahb.ch\/fr\/wp-json\/wp\/v2\/pages\/1797\/revisions"}],"predecessor-version":[{"id":28147,"href":"https:\/\/sahb.ch\/fr\/wp-json\/wp\/v2\/pages\/1797\/revisions\/28147"}],"up":[{"embeddable":true,"href":"https:\/\/sahb.ch\/fr\/wp-json\/wp\/v2\/pages\/26505"}],"wp:attachment":[{"href":"https:\/\/sahb.ch\/fr\/wp-json\/wp\/v2\/media?parent=1797"}],"curies":[{"name":"wp","href":"https:\/\/api.w.org\/{rel}","templated":true}]}}