{"id":1976,"date":"2020-02-07T15:02:03","date_gmt":"2020-02-07T15:02:03","guid":{"rendered":"https:\/\/sahb.ch\/blog-listing\/"},"modified":"2024-04-11T06:33:11","modified_gmt":"2024-04-11T06:33:11","slug":"blog-news","status":"publish","type":"page","link":"https:\/\/sahb.ch\/fr\/blog-news\/","title":{"rendered":"News \/ Blog"},"content":{"rendered":"","protected":false},"excerpt":{"rendered":"","protected":false},"author":1,"featured_media":0,"parent":0,"menu_order":0,"comment_status":"closed","ping_status":"closed","template":"template-posts-listing.php","meta":{"_acf_changed":false},"class_list":["post-1976","page","type-page","status-publish","hentry"],"acf":[],"yoast_head":"<!-- This site is optimized with the Yoast SEO plugin v26.5 - https:\/\/yoast.com\/wordpress\/plugins\/seo\/ -->\n<title>News \/ Blog - SAHB<\/title>\n<meta name=\"description\" content=\"Bienvenue dans notre section News et Blog, d\u00e9di\u00e9e passionn\u00e9ment aux aides pour les personnes handicap\u00e9es. Nous sommes fiers de fournir une large gamme d&#039;informations visant \u00e0 faciliter la vie des personnes en situation de handicap et \u00e0 promouvoir leur autonomie. \u00c0 travers nos articles r\u00e9guliers, rapports et interviews, vous d\u00e9couvrirez non seulement des solutions innovantes, mais aussi des m\u00e9thodes \u00e9prouv\u00e9es et des ressources qui peuvent avoir un impact positif sur le quotidien de ces personnes. Nous comprenons les d\u00e9fis auxquels sont confront\u00e9es les personnes handicap\u00e9es et nous nous effor\u00e7ons de leur fournir des outils et un soutien pour surmonter ces d\u00e9fis. Notre objectif est d&#039;\u00eatre une ressource compl\u00e8te qui informe, inspire et rassemble les communaut\u00e9s pour \u00e9liminer les barri\u00e8res et promouvoir l&#039;inclusion. Rejoignez notre communaut\u00e9 en pleine croissance dans la section News et Blog et restez inform\u00e9 des derniers d\u00e9veloppements dans ce domaine, pendant que nous travaillons ensemble \u00e0 cr\u00e9er un monde accessible \u00e0 tous.\" \/>\n<meta name=\"robots\" content=\"noindex, follow\" \/>\n<meta property=\"og:locale\" content=\"fr_FR\" \/>\n<meta property=\"og:type\" content=\"article\" \/>\n<meta property=\"og:title\" content=\"News \/ Blog - SAHB\" \/>\n<meta property=\"og:description\" content=\"Bienvenue dans notre section News et Blog, d\u00e9di\u00e9e passionn\u00e9ment aux aides pour les personnes handicap\u00e9es. Nous sommes fiers de fournir une large gamme d&#039;informations visant \u00e0 faciliter la vie des personnes en situation de handicap et \u00e0 promouvoir leur autonomie. \u00c0 travers nos articles r\u00e9guliers, rapports et interviews, vous d\u00e9couvrirez non seulement des solutions innovantes, mais aussi des m\u00e9thodes \u00e9prouv\u00e9es et des ressources qui peuvent avoir un impact positif sur le quotidien de ces personnes. Nous comprenons les d\u00e9fis auxquels sont confront\u00e9es les personnes handicap\u00e9es et nous nous effor\u00e7ons de leur fournir des outils et un soutien pour surmonter ces d\u00e9fis. Notre objectif est d&#039;\u00eatre une ressource compl\u00e8te qui informe, inspire et rassemble les communaut\u00e9s pour \u00e9liminer les barri\u00e8res et promouvoir l&#039;inclusion. Rejoignez notre communaut\u00e9 en pleine croissance dans la section News et Blog et restez inform\u00e9 des derniers d\u00e9veloppements dans ce domaine, pendant que nous travaillons ensemble \u00e0 cr\u00e9er un monde accessible \u00e0 tous.\" \/>\n<meta property=\"og:url\" content=\"https:\/\/sahb.ch\/fr\/blog-news\/\" \/>\n<meta property=\"og:site_name\" content=\"SAHB\" \/>\n<meta property=\"article:modified_time\" content=\"2024-04-11T06:33:11+00:00\" \/>\n<meta name=\"twitter:card\" content=\"summary_large_image\" \/>\n<script type=\"application\/ld+json\" class=\"yoast-schema-graph\">{\"@context\":\"https:\/\/schema.org\",\"@graph\":[{\"@type\":\"WebPage\",\"@id\":\"https:\/\/sahb.ch\/fr\/blog-news\/\",\"url\":\"https:\/\/sahb.ch\/fr\/blog-news\/\",\"name\":\"News \/ Blog - SAHB\",\"isPartOf\":{\"@id\":\"https:\/\/sahb.ch\/fr\/#website\"},\"datePublished\":\"2020-02-07T15:02:03+00:00\",\"dateModified\":\"2024-04-11T06:33:11+00:00\",\"description\":\"Bienvenue dans notre section News et Blog, d\u00e9di\u00e9e passionn\u00e9ment aux aides pour les personnes handicap\u00e9es. Nous sommes fiers de fournir une large gamme d'informations visant \u00e0 faciliter la vie des personnes en situation de handicap et \u00e0 promouvoir leur autonomie. \u00c0 travers nos articles r\u00e9guliers, rapports et interviews, vous d\u00e9couvrirez non seulement des solutions innovantes, mais aussi des m\u00e9thodes \u00e9prouv\u00e9es et des ressources qui peuvent avoir un impact positif sur le quotidien de ces personnes. Nous comprenons les d\u00e9fis auxquels sont confront\u00e9es les personnes handicap\u00e9es et nous nous effor\u00e7ons de leur fournir des outils et un soutien pour surmonter ces d\u00e9fis. Notre objectif est d'\u00eatre une ressource compl\u00e8te qui informe, inspire et rassemble les communaut\u00e9s pour \u00e9liminer les barri\u00e8res et promouvoir l'inclusion. Rejoignez notre communaut\u00e9 en pleine croissance dans la section News et Blog et restez inform\u00e9 des derniers d\u00e9veloppements dans ce domaine, pendant que nous travaillons ensemble \u00e0 cr\u00e9er un monde accessible \u00e0 tous.\",\"breadcrumb\":{\"@id\":\"https:\/\/sahb.ch\/fr\/blog-news\/#breadcrumb\"},\"inLanguage\":\"fr-FR\",\"potentialAction\":[{\"@type\":\"ReadAction\",\"target\":[\"https:\/\/sahb.ch\/fr\/blog-news\/\"]}]},{\"@type\":\"BreadcrumbList\",\"@id\":\"https:\/\/sahb.ch\/fr\/blog-news\/#breadcrumb\",\"itemListElement\":[{\"@type\":\"ListItem\",\"position\":1,\"name\":\"Home\",\"item\":\"https:\/\/sahb.ch\/fr\/\"},{\"@type\":\"ListItem\",\"position\":2,\"name\":\"News \/ Blog\"}]},{\"@type\":\"WebSite\",\"@id\":\"https:\/\/sahb.ch\/fr\/#website\",\"url\":\"https:\/\/sahb.ch\/fr\/\",\"name\":\"SAHB\",\"description\":\"\",\"potentialAction\":[{\"@type\":\"SearchAction\",\"target\":{\"@type\":\"EntryPoint\",\"urlTemplate\":\"https:\/\/sahb.ch\/fr\/?s={search_term_string}\"},\"query-input\":{\"@type\":\"PropertyValueSpecification\",\"valueRequired\":true,\"valueName\":\"search_term_string\"}}],\"inLanguage\":\"fr-FR\"}]}<\/script>\n<!-- \/ Yoast SEO plugin. -->","yoast_head_json":{"title":"News \/ Blog - SAHB","description":"Bienvenue dans notre section News et Blog, d\u00e9di\u00e9e passionn\u00e9ment aux aides pour les personnes handicap\u00e9es. Nous sommes fiers de fournir une large gamme d'informations visant \u00e0 faciliter la vie des personnes en situation de handicap et \u00e0 promouvoir leur autonomie. \u00c0 travers nos articles r\u00e9guliers, rapports et interviews, vous d\u00e9couvrirez non seulement des solutions innovantes, mais aussi des m\u00e9thodes \u00e9prouv\u00e9es et des ressources qui peuvent avoir un impact positif sur le quotidien de ces personnes. Nous comprenons les d\u00e9fis auxquels sont confront\u00e9es les personnes handicap\u00e9es et nous nous effor\u00e7ons de leur fournir des outils et un soutien pour surmonter ces d\u00e9fis. Notre objectif est d'\u00eatre une ressource compl\u00e8te qui informe, inspire et rassemble les communaut\u00e9s pour \u00e9liminer les barri\u00e8res et promouvoir l'inclusion. Rejoignez notre communaut\u00e9 en pleine croissance dans la section News et Blog et restez inform\u00e9 des derniers d\u00e9veloppements dans ce domaine, pendant que nous travaillons ensemble \u00e0 cr\u00e9er un monde accessible \u00e0 tous.","robots":{"index":"noindex","follow":"follow"},"og_locale":"fr_FR","og_type":"article","og_title":"News \/ Blog - SAHB","og_description":"Bienvenue dans notre section News et Blog, d\u00e9di\u00e9e passionn\u00e9ment aux aides pour les personnes handicap\u00e9es. Nous sommes fiers de fournir une large gamme d'informations visant \u00e0 faciliter la vie des personnes en situation de handicap et \u00e0 promouvoir leur autonomie. \u00c0 travers nos articles r\u00e9guliers, rapports et interviews, vous d\u00e9couvrirez non seulement des solutions innovantes, mais aussi des m\u00e9thodes \u00e9prouv\u00e9es et des ressources qui peuvent avoir un impact positif sur le quotidien de ces personnes. Nous comprenons les d\u00e9fis auxquels sont confront\u00e9es les personnes handicap\u00e9es et nous nous effor\u00e7ons de leur fournir des outils et un soutien pour surmonter ces d\u00e9fis. Notre objectif est d'\u00eatre une ressource compl\u00e8te qui informe, inspire et rassemble les communaut\u00e9s pour \u00e9liminer les barri\u00e8res et promouvoir l'inclusion. Rejoignez notre communaut\u00e9 en pleine croissance dans la section News et Blog et restez inform\u00e9 des derniers d\u00e9veloppements dans ce domaine, pendant que nous travaillons ensemble \u00e0 cr\u00e9er un monde accessible \u00e0 tous.","og_url":"https:\/\/sahb.ch\/fr\/blog-news\/","og_site_name":"SAHB","article_modified_time":"2024-04-11T06:33:11+00:00","twitter_card":"summary_large_image","schema":{"@context":"https:\/\/schema.org","@graph":[{"@type":"WebPage","@id":"https:\/\/sahb.ch\/fr\/blog-news\/","url":"https:\/\/sahb.ch\/fr\/blog-news\/","name":"News \/ Blog - SAHB","isPartOf":{"@id":"https:\/\/sahb.ch\/fr\/#website"},"datePublished":"2020-02-07T15:02:03+00:00","dateModified":"2024-04-11T06:33:11+00:00","description":"Bienvenue dans notre section News et Blog, d\u00e9di\u00e9e passionn\u00e9ment aux aides pour les personnes handicap\u00e9es. Nous sommes fiers de fournir une large gamme d'informations visant \u00e0 faciliter la vie des personnes en situation de handicap et \u00e0 promouvoir leur autonomie. \u00c0 travers nos articles r\u00e9guliers, rapports et interviews, vous d\u00e9couvrirez non seulement des solutions innovantes, mais aussi des m\u00e9thodes \u00e9prouv\u00e9es et des ressources qui peuvent avoir un impact positif sur le quotidien de ces personnes. Nous comprenons les d\u00e9fis auxquels sont confront\u00e9es les personnes handicap\u00e9es et nous nous effor\u00e7ons de leur fournir des outils et un soutien pour surmonter ces d\u00e9fis. Notre objectif est d'\u00eatre une ressource compl\u00e8te qui informe, inspire et rassemble les communaut\u00e9s pour \u00e9liminer les barri\u00e8res et promouvoir l'inclusion. Rejoignez notre communaut\u00e9 en pleine croissance dans la section News et Blog et restez inform\u00e9 des derniers d\u00e9veloppements dans ce domaine, pendant que nous travaillons ensemble \u00e0 cr\u00e9er un monde accessible \u00e0 tous.","breadcrumb":{"@id":"https:\/\/sahb.ch\/fr\/blog-news\/#breadcrumb"},"inLanguage":"fr-FR","potentialAction":[{"@type":"ReadAction","target":["https:\/\/sahb.ch\/fr\/blog-news\/"]}]},{"@type":"BreadcrumbList","@id":"https:\/\/sahb.ch\/fr\/blog-news\/#breadcrumb","itemListElement":[{"@type":"ListItem","position":1,"name":"Home","item":"https:\/\/sahb.ch\/fr\/"},{"@type":"ListItem","position":2,"name":"News \/ Blog"}]},{"@type":"WebSite","@id":"https:\/\/sahb.ch\/fr\/#website","url":"https:\/\/sahb.ch\/fr\/","name":"SAHB","description":"","potentialAction":[{"@type":"SearchAction","target":{"@type":"EntryPoint","urlTemplate":"https:\/\/sahb.ch\/fr\/?s={search_term_string}"},"query-input":{"@type":"PropertyValueSpecification","valueRequired":true,"valueName":"search_term_string"}}],"inLanguage":"fr-FR"}]}},"_links":{"self":[{"href":"https:\/\/sahb.ch\/fr\/wp-json\/wp\/v2\/pages\/1976","targetHints":{"allow":["GET"]}}],"collection":[{"href":"https:\/\/sahb.ch\/fr\/wp-json\/wp\/v2\/pages"}],"about":[{"href":"https:\/\/sahb.ch\/fr\/wp-json\/wp\/v2\/types\/page"}],"author":[{"embeddable":true,"href":"https:\/\/sahb.ch\/fr\/wp-json\/wp\/v2\/users\/1"}],"replies":[{"embeddable":true,"href":"https:\/\/sahb.ch\/fr\/wp-json\/wp\/v2\/comments?post=1976"}],"version-history":[{"count":4,"href":"https:\/\/sahb.ch\/fr\/wp-json\/wp\/v2\/pages\/1976\/revisions"}],"predecessor-version":[{"id":39626,"href":"https:\/\/sahb.ch\/fr\/wp-json\/wp\/v2\/pages\/1976\/revisions\/39626"}],"wp:attachment":[{"href":"https:\/\/sahb.ch\/fr\/wp-json\/wp\/v2\/media?parent=1976"}],"curies":[{"name":"wp","href":"https:\/\/api.w.org\/{rel}","templated":true}]}}