{"id":2146,"date":"2020-03-04T15:03:57","date_gmt":"2020-03-04T15:03:57","guid":{"rendered":"https:\/\/sahb.ch\/prestations\/marche-des-occasions\/inserat-aufgeben\/"},"modified":"2023-01-30T07:29:59","modified_gmt":"2023-01-30T07:29:59","slug":"publier-une-annonce","status":"publish","type":"page","link":"https:\/\/sahb.ch\/fr\/ateliers\/marche-des-occasions\/publier-une-annonce\/","title":{"rendered":"March\u00e9 des occasions"},"content":{"rendered":"","protected":false},"excerpt":{"rendered":"","protected":false},"author":1,"featured_media":0,"parent":1660,"menu_order":0,"comment_status":"closed","ping_status":"closed","template":"","meta":{"_acf_changed":false},"class_list":["post-2146","page","type-page","status-publish","hentry"],"acf":[],"yoast_head":"<!-- This site is optimized with the Yoast SEO plugin v26.5 - https:\/\/yoast.com\/wordpress\/plugins\/seo\/ -->\n<title>Publier une annonce sur le March\u00e9 des occasions | FSCMA<\/title>\n<meta name=\"description\" content=\"Publier une annonce sur le March\u00e9 des occasions de la FSCMA est simple: Utilisez notre formulaire. L&#039;annonce sera publi\u00e9e apr\u00e8s v\u00e9rification.\" \/>\n<meta name=\"robots\" content=\"noindex, nofollow\" \/>\n<meta property=\"og:locale\" content=\"fr_FR\" \/>\n<meta property=\"og:type\" content=\"article\" \/>\n<meta property=\"og:title\" content=\"Publier une annonce sur le March\u00e9 des occasions | FSCMA\" \/>\n<meta property=\"og:description\" content=\"Publier une annonce sur le March\u00e9 des occasions de la FSCMA est simple: Utilisez notre formulaire. L&#039;annonce sera publi\u00e9e apr\u00e8s v\u00e9rification.\" \/>\n<meta property=\"og:url\" content=\"https:\/\/sahb.ch\/fr\/ateliers\/marche-des-occasions\/publier-une-annonce\/\" \/>\n<meta property=\"og:site_name\" content=\"SAHB\" \/>\n<meta property=\"article:modified_time\" content=\"2023-01-30T07:29:59+00:00\" \/>\n<meta name=\"twitter:card\" content=\"summary_large_image\" \/>\n<script type=\"application\/ld+json\" class=\"yoast-schema-graph\">{\"@context\":\"https:\/\/schema.org\",\"@graph\":[{\"@type\":\"WebPage\",\"@id\":\"https:\/\/sahb.ch\/fr\/ateliers\/marche-des-occasions\/publier-une-annonce\/\",\"url\":\"https:\/\/sahb.ch\/fr\/ateliers\/marche-des-occasions\/publier-une-annonce\/\",\"name\":\"Publier une annonce sur le March\u00e9 des occasions | FSCMA\",\"isPartOf\":{\"@id\":\"https:\/\/sahb.ch\/fr\/#website\"},\"datePublished\":\"2020-03-04T15:03:57+00:00\",\"dateModified\":\"2023-01-30T07:29:59+00:00\",\"description\":\"Publier une annonce sur le March\u00e9 des occasions de la FSCMA est simple: Utilisez notre formulaire. L'annonce sera publi\u00e9e apr\u00e8s v\u00e9rification.\",\"breadcrumb\":{\"@id\":\"https:\/\/sahb.ch\/fr\/ateliers\/marche-des-occasions\/publier-une-annonce\/#breadcrumb\"},\"inLanguage\":\"fr-FR\",\"potentialAction\":[{\"@type\":\"ReadAction\",\"target\":[\"https:\/\/sahb.ch\/fr\/ateliers\/marche-des-occasions\/publier-une-annonce\/\"]}]},{\"@type\":\"BreadcrumbList\",\"@id\":\"https:\/\/sahb.ch\/fr\/ateliers\/marche-des-occasions\/publier-une-annonce\/#breadcrumb\",\"itemListElement\":[{\"@type\":\"ListItem\",\"position\":1,\"name\":\"Home\",\"item\":\"https:\/\/sahb.ch\/fr\/\"},{\"@type\":\"ListItem\",\"position\":2,\"name\":\"Ateliers\",\"item\":\"https:\/\/sahb.ch\/fr\/ateliers\/\"},{\"@type\":\"ListItem\",\"position\":3,\"name\":\"March\u00e9 des occasions\",\"item\":\"https:\/\/sahb.ch\/fr\/ateliers\/marche-des-occasions\/\"},{\"@type\":\"ListItem\",\"position\":4,\"name\":\"March\u00e9 des occasions\"}]},{\"@type\":\"WebSite\",\"@id\":\"https:\/\/sahb.ch\/fr\/#website\",\"url\":\"https:\/\/sahb.ch\/fr\/\",\"name\":\"SAHB\",\"description\":\"\",\"potentialAction\":[{\"@type\":\"SearchAction\",\"target\":{\"@type\":\"EntryPoint\",\"urlTemplate\":\"https:\/\/sahb.ch\/fr\/?s={search_term_string}\"},\"query-input\":{\"@type\":\"PropertyValueSpecification\",\"valueRequired\":true,\"valueName\":\"search_term_string\"}}],\"inLanguage\":\"fr-FR\"}]}<\/script>\n<!-- \/ Yoast SEO plugin. -->","yoast_head_json":{"title":"Publier une annonce sur le March\u00e9 des occasions | FSCMA","description":"Publier une annonce sur le March\u00e9 des occasions de la FSCMA est simple: Utilisez notre formulaire. L'annonce sera publi\u00e9e apr\u00e8s v\u00e9rification.","robots":{"index":"noindex","follow":"nofollow"},"og_locale":"fr_FR","og_type":"article","og_title":"Publier une annonce sur le March\u00e9 des occasions | FSCMA","og_description":"Publier une annonce sur le March\u00e9 des occasions de la FSCMA est simple: Utilisez notre formulaire. L'annonce sera publi\u00e9e apr\u00e8s v\u00e9rification.","og_url":"https:\/\/sahb.ch\/fr\/ateliers\/marche-des-occasions\/publier-une-annonce\/","og_site_name":"SAHB","article_modified_time":"2023-01-30T07:29:59+00:00","twitter_card":"summary_large_image","schema":{"@context":"https:\/\/schema.org","@graph":[{"@type":"WebPage","@id":"https:\/\/sahb.ch\/fr\/ateliers\/marche-des-occasions\/publier-une-annonce\/","url":"https:\/\/sahb.ch\/fr\/ateliers\/marche-des-occasions\/publier-une-annonce\/","name":"Publier une annonce sur le March\u00e9 des occasions | FSCMA","isPartOf":{"@id":"https:\/\/sahb.ch\/fr\/#website"},"datePublished":"2020-03-04T15:03:57+00:00","dateModified":"2023-01-30T07:29:59+00:00","description":"Publier une annonce sur le March\u00e9 des occasions de la FSCMA est simple: Utilisez notre formulaire. L'annonce sera publi\u00e9e apr\u00e8s v\u00e9rification.","breadcrumb":{"@id":"https:\/\/sahb.ch\/fr\/ateliers\/marche-des-occasions\/publier-une-annonce\/#breadcrumb"},"inLanguage":"fr-FR","potentialAction":[{"@type":"ReadAction","target":["https:\/\/sahb.ch\/fr\/ateliers\/marche-des-occasions\/publier-une-annonce\/"]}]},{"@type":"BreadcrumbList","@id":"https:\/\/sahb.ch\/fr\/ateliers\/marche-des-occasions\/publier-une-annonce\/#breadcrumb","itemListElement":[{"@type":"ListItem","position":1,"name":"Home","item":"https:\/\/sahb.ch\/fr\/"},{"@type":"ListItem","position":2,"name":"Ateliers","item":"https:\/\/sahb.ch\/fr\/ateliers\/"},{"@type":"ListItem","position":3,"name":"March\u00e9 des occasions","item":"https:\/\/sahb.ch\/fr\/ateliers\/marche-des-occasions\/"},{"@type":"ListItem","position":4,"name":"March\u00e9 des occasions"}]},{"@type":"WebSite","@id":"https:\/\/sahb.ch\/fr\/#website","url":"https:\/\/sahb.ch\/fr\/","name":"SAHB","description":"","potentialAction":[{"@type":"SearchAction","target":{"@type":"EntryPoint","urlTemplate":"https:\/\/sahb.ch\/fr\/?s={search_term_string}"},"query-input":{"@type":"PropertyValueSpecification","valueRequired":true,"valueName":"search_term_string"}}],"inLanguage":"fr-FR"}]}},"_links":{"self":[{"href":"https:\/\/sahb.ch\/fr\/wp-json\/wp\/v2\/pages\/2146","targetHints":{"allow":["GET"]}}],"collection":[{"href":"https:\/\/sahb.ch\/fr\/wp-json\/wp\/v2\/pages"}],"about":[{"href":"https:\/\/sahb.ch\/fr\/wp-json\/wp\/v2\/types\/page"}],"author":[{"embeddable":true,"href":"https:\/\/sahb.ch\/fr\/wp-json\/wp\/v2\/users\/1"}],"replies":[{"embeddable":true,"href":"https:\/\/sahb.ch\/fr\/wp-json\/wp\/v2\/comments?post=2146"}],"version-history":[{"count":6,"href":"https:\/\/sahb.ch\/fr\/wp-json\/wp\/v2\/pages\/2146\/revisions"}],"predecessor-version":[{"id":29045,"href":"https:\/\/sahb.ch\/fr\/wp-json\/wp\/v2\/pages\/2146\/revisions\/29045"}],"up":[{"embeddable":true,"href":"https:\/\/sahb.ch\/fr\/wp-json\/wp\/v2\/pages\/1660"}],"wp:attachment":[{"href":"https:\/\/sahb.ch\/fr\/wp-json\/wp\/v2\/media?parent=2146"}],"curies":[{"name":"wp","href":"https:\/\/api.w.org\/{rel}","templated":true}]}}