{"id":2169,"date":"2020-02-07T15:02:03","date_gmt":"2020-02-07T15:02:03","guid":{"rendered":"https:\/\/sahb.ch\/blog-listing\/"},"modified":"2024-04-11T06:35:24","modified_gmt":"2024-04-11T06:35:24","slug":"blog-news","status":"publish","type":"page","link":"https:\/\/sahb.ch\/it\/blog-news\/","title":{"rendered":"News \/ Blog"},"content":{"rendered":"","protected":false},"excerpt":{"rendered":"","protected":false},"author":1,"featured_media":0,"parent":0,"menu_order":0,"comment_status":"closed","ping_status":"closed","template":"template-posts-listing.php","meta":{"_acf_changed":false},"class_list":["post-2169","page","type-page","status-publish","hentry"],"acf":[],"yoast_head":"<!-- This site is optimized with the Yoast SEO plugin v26.5 - https:\/\/yoast.com\/wordpress\/plugins\/seo\/ -->\n<title>News \/ Blog - SAHB<\/title>\n<meta name=\"description\" content=\"Benvenuti nella nostra sezione News e Blog, dedicata con passione agli ausili per le persone con disabilit\u00e0. Siamo orgogliosi di fornire una vasta gamma di informazioni mirate a facilitare la vita delle persone con disabilit\u00e0 e promuovere la loro autonomia. Attraverso i nostri articoli regolari, rapporti e interviste, scoprirete non solo soluzioni innovative, ma anche metodi collaudati e risorse che possono avere un impatto positivo sulla quotidianit\u00e0 di queste persone.Comprendiamo le sfide che le persone con disabilit\u00e0 affrontano e ci sforziamo di fornire loro strumenti e supporto per superarle. Il nostro obiettivo \u00e8 essere una risorsa completa che informa, ispira e unisce le comunit\u00e0 per eliminare le barriere e promuovere l&#039;inclusione. Unisciti alla nostra crescente comunit\u00e0 nella sezione News e Blog e rimani aggiornato sugli ultimi sviluppi in questo settore, mentre lavoriamo insieme per creare un mondo accessibile a tutti.\" \/>\n<meta name=\"robots\" content=\"noindex, follow\" \/>\n<meta property=\"og:locale\" content=\"it_IT\" \/>\n<meta property=\"og:type\" content=\"article\" \/>\n<meta property=\"og:title\" content=\"News \/ Blog - SAHB\" \/>\n<meta property=\"og:description\" content=\"Benvenuti nella nostra sezione News e Blog, dedicata con passione agli ausili per le persone con disabilit\u00e0. Siamo orgogliosi di fornire una vasta gamma di informazioni mirate a facilitare la vita delle persone con disabilit\u00e0 e promuovere la loro autonomia. Attraverso i nostri articoli regolari, rapporti e interviste, scoprirete non solo soluzioni innovative, ma anche metodi collaudati e risorse che possono avere un impatto positivo sulla quotidianit\u00e0 di queste persone.Comprendiamo le sfide che le persone con disabilit\u00e0 affrontano e ci sforziamo di fornire loro strumenti e supporto per superarle. Il nostro obiettivo \u00e8 essere una risorsa completa che informa, ispira e unisce le comunit\u00e0 per eliminare le barriere e promuovere l&#039;inclusione. Unisciti alla nostra crescente comunit\u00e0 nella sezione News e Blog e rimani aggiornato sugli ultimi sviluppi in questo settore, mentre lavoriamo insieme per creare un mondo accessibile a tutti.\" \/>\n<meta property=\"og:url\" content=\"https:\/\/sahb.ch\/it\/blog-news\/\" \/>\n<meta property=\"og:site_name\" content=\"SAHB\" \/>\n<meta property=\"article:modified_time\" content=\"2024-04-11T06:35:24+00:00\" \/>\n<meta name=\"twitter:card\" content=\"summary_large_image\" \/>\n<script type=\"application\/ld+json\" class=\"yoast-schema-graph\">{\"@context\":\"https:\/\/schema.org\",\"@graph\":[{\"@type\":\"WebPage\",\"@id\":\"https:\/\/sahb.ch\/it\/blog-news\/\",\"url\":\"https:\/\/sahb.ch\/it\/blog-news\/\",\"name\":\"News \/ Blog - SAHB\",\"isPartOf\":{\"@id\":\"https:\/\/sahb.ch\/it\/#website\"},\"datePublished\":\"2020-02-07T15:02:03+00:00\",\"dateModified\":\"2024-04-11T06:35:24+00:00\",\"description\":\"Benvenuti nella nostra sezione News e Blog, dedicata con passione agli ausili per le persone con disabilit\u00e0. Siamo orgogliosi di fornire una vasta gamma di informazioni mirate a facilitare la vita delle persone con disabilit\u00e0 e promuovere la loro autonomia. Attraverso i nostri articoli regolari, rapporti e interviste, scoprirete non solo soluzioni innovative, ma anche metodi collaudati e risorse che possono avere un impatto positivo sulla quotidianit\u00e0 di queste persone.Comprendiamo le sfide che le persone con disabilit\u00e0 affrontano e ci sforziamo di fornire loro strumenti e supporto per superarle. Il nostro obiettivo \u00e8 essere una risorsa completa che informa, ispira e unisce le comunit\u00e0 per eliminare le barriere e promuovere l'inclusione. Unisciti alla nostra crescente comunit\u00e0 nella sezione News e Blog e rimani aggiornato sugli ultimi sviluppi in questo settore, mentre lavoriamo insieme per creare un mondo accessibile a tutti.\",\"breadcrumb\":{\"@id\":\"https:\/\/sahb.ch\/it\/blog-news\/#breadcrumb\"},\"inLanguage\":\"it-IT\",\"potentialAction\":[{\"@type\":\"ReadAction\",\"target\":[\"https:\/\/sahb.ch\/it\/blog-news\/\"]}]},{\"@type\":\"BreadcrumbList\",\"@id\":\"https:\/\/sahb.ch\/it\/blog-news\/#breadcrumb\",\"itemListElement\":[{\"@type\":\"ListItem\",\"position\":1,\"name\":\"Home\",\"item\":\"https:\/\/sahb.ch\/it\/\"},{\"@type\":\"ListItem\",\"position\":2,\"name\":\"News \/ Blog\"}]},{\"@type\":\"WebSite\",\"@id\":\"https:\/\/sahb.ch\/it\/#website\",\"url\":\"https:\/\/sahb.ch\/it\/\",\"name\":\"SAHB\",\"description\":\"\",\"potentialAction\":[{\"@type\":\"SearchAction\",\"target\":{\"@type\":\"EntryPoint\",\"urlTemplate\":\"https:\/\/sahb.ch\/it\/?s={search_term_string}\"},\"query-input\":{\"@type\":\"PropertyValueSpecification\",\"valueRequired\":true,\"valueName\":\"search_term_string\"}}],\"inLanguage\":\"it-IT\"}]}<\/script>\n<!-- \/ Yoast SEO plugin. -->","yoast_head_json":{"title":"News \/ Blog - SAHB","description":"Benvenuti nella nostra sezione News e Blog, dedicata con passione agli ausili per le persone con disabilit\u00e0. Siamo orgogliosi di fornire una vasta gamma di informazioni mirate a facilitare la vita delle persone con disabilit\u00e0 e promuovere la loro autonomia. Attraverso i nostri articoli regolari, rapporti e interviste, scoprirete non solo soluzioni innovative, ma anche metodi collaudati e risorse che possono avere un impatto positivo sulla quotidianit\u00e0 di queste persone.Comprendiamo le sfide che le persone con disabilit\u00e0 affrontano e ci sforziamo di fornire loro strumenti e supporto per superarle. Il nostro obiettivo \u00e8 essere una risorsa completa che informa, ispira e unisce le comunit\u00e0 per eliminare le barriere e promuovere l'inclusione. Unisciti alla nostra crescente comunit\u00e0 nella sezione News e Blog e rimani aggiornato sugli ultimi sviluppi in questo settore, mentre lavoriamo insieme per creare un mondo accessibile a tutti.","robots":{"index":"noindex","follow":"follow"},"og_locale":"it_IT","og_type":"article","og_title":"News \/ Blog - SAHB","og_description":"Benvenuti nella nostra sezione News e Blog, dedicata con passione agli ausili per le persone con disabilit\u00e0. Siamo orgogliosi di fornire una vasta gamma di informazioni mirate a facilitare la vita delle persone con disabilit\u00e0 e promuovere la loro autonomia. Attraverso i nostri articoli regolari, rapporti e interviste, scoprirete non solo soluzioni innovative, ma anche metodi collaudati e risorse che possono avere un impatto positivo sulla quotidianit\u00e0 di queste persone.Comprendiamo le sfide che le persone con disabilit\u00e0 affrontano e ci sforziamo di fornire loro strumenti e supporto per superarle. Il nostro obiettivo \u00e8 essere una risorsa completa che informa, ispira e unisce le comunit\u00e0 per eliminare le barriere e promuovere l'inclusione. Unisciti alla nostra crescente comunit\u00e0 nella sezione News e Blog e rimani aggiornato sugli ultimi sviluppi in questo settore, mentre lavoriamo insieme per creare un mondo accessibile a tutti.","og_url":"https:\/\/sahb.ch\/it\/blog-news\/","og_site_name":"SAHB","article_modified_time":"2024-04-11T06:35:24+00:00","twitter_card":"summary_large_image","schema":{"@context":"https:\/\/schema.org","@graph":[{"@type":"WebPage","@id":"https:\/\/sahb.ch\/it\/blog-news\/","url":"https:\/\/sahb.ch\/it\/blog-news\/","name":"News \/ Blog - SAHB","isPartOf":{"@id":"https:\/\/sahb.ch\/it\/#website"},"datePublished":"2020-02-07T15:02:03+00:00","dateModified":"2024-04-11T06:35:24+00:00","description":"Benvenuti nella nostra sezione News e Blog, dedicata con passione agli ausili per le persone con disabilit\u00e0. Siamo orgogliosi di fornire una vasta gamma di informazioni mirate a facilitare la vita delle persone con disabilit\u00e0 e promuovere la loro autonomia. Attraverso i nostri articoli regolari, rapporti e interviste, scoprirete non solo soluzioni innovative, ma anche metodi collaudati e risorse che possono avere un impatto positivo sulla quotidianit\u00e0 di queste persone.Comprendiamo le sfide che le persone con disabilit\u00e0 affrontano e ci sforziamo di fornire loro strumenti e supporto per superarle. Il nostro obiettivo \u00e8 essere una risorsa completa che informa, ispira e unisce le comunit\u00e0 per eliminare le barriere e promuovere l'inclusione. Unisciti alla nostra crescente comunit\u00e0 nella sezione News e Blog e rimani aggiornato sugli ultimi sviluppi in questo settore, mentre lavoriamo insieme per creare un mondo accessibile a tutti.","breadcrumb":{"@id":"https:\/\/sahb.ch\/it\/blog-news\/#breadcrumb"},"inLanguage":"it-IT","potentialAction":[{"@type":"ReadAction","target":["https:\/\/sahb.ch\/it\/blog-news\/"]}]},{"@type":"BreadcrumbList","@id":"https:\/\/sahb.ch\/it\/blog-news\/#breadcrumb","itemListElement":[{"@type":"ListItem","position":1,"name":"Home","item":"https:\/\/sahb.ch\/it\/"},{"@type":"ListItem","position":2,"name":"News \/ Blog"}]},{"@type":"WebSite","@id":"https:\/\/sahb.ch\/it\/#website","url":"https:\/\/sahb.ch\/it\/","name":"SAHB","description":"","potentialAction":[{"@type":"SearchAction","target":{"@type":"EntryPoint","urlTemplate":"https:\/\/sahb.ch\/it\/?s={search_term_string}"},"query-input":{"@type":"PropertyValueSpecification","valueRequired":true,"valueName":"search_term_string"}}],"inLanguage":"it-IT"}]}},"_links":{"self":[{"href":"https:\/\/sahb.ch\/it\/wp-json\/wp\/v2\/pages\/2169","targetHints":{"allow":["GET"]}}],"collection":[{"href":"https:\/\/sahb.ch\/it\/wp-json\/wp\/v2\/pages"}],"about":[{"href":"https:\/\/sahb.ch\/it\/wp-json\/wp\/v2\/types\/page"}],"author":[{"embeddable":true,"href":"https:\/\/sahb.ch\/it\/wp-json\/wp\/v2\/users\/1"}],"replies":[{"embeddable":true,"href":"https:\/\/sahb.ch\/it\/wp-json\/wp\/v2\/comments?post=2169"}],"version-history":[{"count":3,"href":"https:\/\/sahb.ch\/it\/wp-json\/wp\/v2\/pages\/2169\/revisions"}],"predecessor-version":[{"id":39627,"href":"https:\/\/sahb.ch\/it\/wp-json\/wp\/v2\/pages\/2169\/revisions\/39627"}],"wp:attachment":[{"href":"https:\/\/sahb.ch\/it\/wp-json\/wp\/v2\/media?parent=2169"}],"curies":[{"name":"wp","href":"https:\/\/api.w.org\/{rel}","templated":true}]}}